{"id":15294,"date":"2019-03-28T10:30:31","date_gmt":"2019-03-28T15:30:31","guid":{"rendered":"http:\/\/www.betons.wigdesign.ca\/?page_id=15294"},"modified":"2023-01-10T16:36:45","modified_gmt":"2023-01-10T21:36:45","slug":"monteregie","status":"publish","type":"page","link":"https:\/\/www.betonsurface.ca\/en\/monteregie\/","title":{"rendered":"B\u00e9ton Surface Monteregie"},"content":{"rendered":"<section class=\"wpb-content-wrapper\">[vc_row fullwidth=&#8221;true&#8221; fullwidth_content=&#8221;false&#8221; visibility=&#8221;hidden-sm&#8221; css=&#8221;.vc_custom_1553290270117{padding-top: 20% !important;background-image: url(https:\/\/www.betonsurface.ca\/wp-content\/uploads\/2018\/11\/b-protek_banners_-9.jpg?id=641) !important;background-position: center !important;background-repeat: no-repeat !important;background-size: cover !important;}&#8221;][vc_column][vc_row_inner][vc_column_inner][\/vc_column_inner][\/vc_row_inner][\/vc_column][\/vc_row][vc_row fullwidth=&#8221;true&#8221; fullwidth_content=&#8221;false&#8221; visibility=&#8221;visible-sm&#8221; css=&#8221;.vc_custom_1553290260385{padding-top: 40% !important;background-image: url(https:\/\/www.betonsurface.ca\/wp-content\/uploads\/2018\/11\/b-protek_banners_-9.jpg?id=641) !important;background-position: center !important;background-repeat: no-repeat !important;background-size: cover !important;}&#8221;][vc_column][vc_row_inner][vc_column_inner][\/vc_column_inner][\/vc_row_inner][\/vc_column][\/vc_row][vc_row fullwidth=&#8221;true&#8221; fullwidth_content=&#8221;false&#8221; css=&#8221;.vc_custom_1553290185636{margin-top: -15% !important;padding-top: 5% !important;padding-left: 12% !important;}&#8221; id=&#8221;mobile-left-city&#8221;][vc_column][vc_row_inner][vc_column_inner][vc_column_text css=&#8221;.vc_custom_1553786576863{margin-bottom: 0px !important;}&#8221;]\n<h1><span style=\"color: #ffffff;\"><span class=\"h1thin\">B\u00c9TON SURFACE<\/span> <span class=\"h1thick\">MONT\u00c9R\u00c9GIE<\/span><\/span><\/h1>\n[\/vc_column_text][mk_padding_divider size=&#8221;22&#8243; visibility=&#8221;visible-sm&#8221;][mk_button dimension=&#8221;flat&#8221; corner_style=&#8221;rounded&#8221; size=&#8221;medium&#8221; url=&#8221;\/en\/contact\/&#8221; bg_color=&#8221;#2c2c2b&#8221; btn_hover_bg=&#8221;#000000&#8243; btn_hover_txt_color=&#8221;#ffffff&#8221;]CONTACT US[\/mk_button][mk_button dimension=&#8221;flat&#8221; corner_style=&#8221;rounded&#8221; size=&#8221;medium&#8221; url=&#8221;\/en\/contact\/instant-quote\/&#8221; bg_color=&#8221;#65b32e&#8221; btn_hover_bg=&#8221;#000000&#8243; btn_hover_txt_color=&#8221;#ffffff&#8221;]GET YOUR INSTANT QUOTE[\/mk_button][\/vc_column_inner][\/vc_row_inner][\/vc_column][\/vc_row][vc_row fullwidth=&#8221;true&#8221; fullwidth_content=&#8221;false&#8221; css=&#8221;.vc_custom_1553289603839{padding-top: 3% !important;}&#8221;][vc_column][vc_row_inner attached=&#8221;true&#8221; is_fullwidth_content=&#8221;false&#8221; column_padding=&#8221;4&#8243;][vc_column_inner width=&#8221;1\/2&#8243;][vc_column_text css=&#8221;.vc_custom_1553779344994{margin-bottom: 0px !important;}&#8221;]\n<h2>Count on Us for Your Garage Floor<\/h2>\n[\/vc_column_text][vc_column_text css=&#8221;.vc_custom_1553786644575{margin-bottom: 0px !important;}&#8221;]Want to redo your garage floor in Mont\u00e9r\u00e9gie? B\u00e9ton Surface offers professional services and quality surface coatings in your region. Whether it\u2019s for your garage floor, basement floor or any other exterior surface, B\u00e9ton Surface has the expertise to serve your surface coating needs.<\/p>\n<p><img decoding=\"async\" src=\"\/wp-content\/uploads\/2016\/02\/Plancher-de-Garage-B%C3%A9ton-Surface-Monteregie.jpg\" alt=\"Garage flooring Monteregie\" \/>[\/vc_column_text][\/vc_column_inner][vc_column_inner width=&#8221;1\/2&#8243; css=&#8221;.vc_custom_1553287908567{margin-right: 0px !important;margin-left: 0px !important;padding-right: 0px !important;padding-left: 0px !important;}&#8221;][vc_column_text css=&#8221;.vc_custom_1553786725738{margin-bottom: 0px !important;}&#8221;]Our vast array of coating choices will allow you to find the right solution for you and your budget. The products we offer are the following:<\/p>\n<ul>\n<li><a href=\"https:\/\/www.betonsurface.ca\/en\/product-information\/polyaspartic-floor\/\"><strong>Polyurea with Flakes:<\/strong><\/a><br \/>\nThis coating is an innovative solution that offers several advantages. It is resistant to heat, UV rays and stains. It is an effective alternative for garage floors or exterior surfaces, such as a terrace or poolside deck.<\/li>\n<\/ul>\n<ul>\n<li><a href=\"https:\/\/www.betonsurface.ca\/en\/product-information\/metallic-epoxy-floors\/\"><strong>Metallic Epoxy:<\/strong><\/a><br \/>\nThis type of coating offers a visual effect and varied colours that will give off a luxurious finish to your surfaces. Perfect for basements, bathrooms or kitchens, metallic epoxy offers a unique appearance and is available in several colours.<\/li>\n<\/ul>\n<ul>\n<li><a href=\"https:\/\/www.betonsurface.ca\/en\/product-information\/epoxy-garage-floors\/\"><strong>100% Solids Epoxy<\/strong><strong>:<\/strong><\/a><br \/>\nThis coating consists of a resin and hardener that offer an economical alternative for a durable floor surface. It is ideal for a workshop\/studio, basement or any other interior surface.<\/li>\n<\/ul>\n<p>With its unique business model, B\u00e9ton Surface acquired an expertise all its own to ensure its clients a durable product. We offer a warranty of up to 20 years, depending on the services selected.[\/vc_column_text][mk_padding_divider size=&#8221;10&#8243;][mk_button dimension=&#8221;flat&#8221; corner_style=&#8221;rounded&#8221; size=&#8221;medium&#8221; url=&#8221;\/en\/contact\/&#8221; bg_color=&#8221;#2c2c2b&#8221; btn_hover_bg=&#8221;#000000&#8243; btn_hover_txt_color=&#8221;#ffffff&#8221;]CONTACT US[\/mk_button][mk_button dimension=&#8221;flat&#8221; corner_style=&#8221;rounded&#8221; size=&#8221;medium&#8221; url=&#8221;\/en\/contact\/instant-quote\/&#8221; bg_color=&#8221;#65b32e&#8221; btn_hover_bg=&#8221;#000000&#8243; btn_hover_txt_color=&#8221;#ffffff&#8221;]GET YOUR INSTANT QUOTE[\/mk_button][\/vc_column_inner][\/vc_row_inner][\/vc_column][\/vc_row][vc_row fullwidth=&#8221;true&#8221; css=&#8221;.vc_custom_1550556239318{padding-top: 20% !important;padding-bottom: 5% !important;background-image: url(https:\/\/www.betonsurface.ca\/wp-content\/uploads\/2018\/11\/b-protek_banners_-19.jpg?id=731) !important;background-position: center !important;background-repeat: no-repeat !important;background-size: cover !important;}&#8221;][vc_column][vc_row_inner is_fullwidth_content=&#8221;false&#8221;][vc_column_inner][vc_column_text css=&#8221;.vc_custom_1553780004881{margin-bottom: 0px !important;padding-bottom: 0px !important;}&#8221;]\n<p style=\"color: #ffffff; margin-bottom: 0px!important;\">Polyurea Design by B\u00e9ton Surface<\/p>\n[\/vc_column_text][vc_column_text css=&#8221;.vc_custom_1553780028758{margin-top: 0px !important;margin-bottom: 0px !important;border-bottom-width: 0px !important;padding-top: 0px !important;}&#8221;]\n<h2 style=\"color: #ffffff;\">The Perfect Garage Floor<\/h2>\n[\/vc_column_text][vc_column_text css=&#8221;.vc_custom_1553782201100{margin-bottom: 0px !important;padding-top: 1% !important;}&#8221;]<a href=\"https:\/\/www.youtube.com\/watch?v=9RLy3UWit8M\" rel=\"lightbox\"><img decoding=\"async\" loading=\"lazy\" class=\"alignnone wp-image-14474\" src=\"https:\/\/www.betonsurface.ca\/wp-content\/uploads\/2018\/09\/video.png\" alt=\"\" width=\"62\" height=\"50\" \/><\/a>\u00a0\u00a0<a style=\"color: #ffffff; font-weight: 600;\" href=\"https:\/\/www.youtube.com\/watch?v=9RLy3UWit8M\" rel=\"lightbox\">See for yourself!<\/a>[\/vc_column_text][\/vc_column_inner][\/vc_row_inner][\/vc_column][\/vc_row][vc_row fullwidth=&#8221;true&#8221; fullwidth_content=&#8221;false&#8221; attached=&#8221;true&#8221; column_padding=&#8221;4&#8243; css=&#8221;.vc_custom_1553289623159{padding-top: 5% !important;}&#8221;][vc_column width=&#8221;1\/2&#8243;][vc_column_text css=&#8221;.vc_custom_1553786757486{margin-bottom: 0px !important;}&#8221;]\n<h4>The B\u00e9ton Surface Mont\u00e9r\u00e9gie Team<\/h4>\n<p>Steve and Karina are the franchisees overseeing the Mont\u00e9r\u00e9gie region. A couple in life, they are also business partners with a passion for entrepreneurship. Active in their community, they do extensive volunteering as well as are members of the camber of commerce.<\/p>\n<p>Steve has 13 years of experience in the construction sector and site management. Karina has been a customer service and sales specialist for 12 years. These two entrepreneurs fuse complementary expertise to create the best surface coating team in Mont\u00e9r\u00e9gie.[\/vc_column_text][mk_padding_divider size=&#8221;10&#8243;][mk_button dimension=&#8221;flat&#8221; corner_style=&#8221;rounded&#8221; size=&#8221;medium&#8221; url=&#8221;\/en\/contact\/&#8221; bg_color=&#8221;#2c2c2b&#8221; btn_hover_bg=&#8221;#000000&#8243; btn_hover_txt_color=&#8221;#ffffff&#8221;]CONTACT US[\/mk_button][mk_button dimension=&#8221;flat&#8221; corner_style=&#8221;rounded&#8221; size=&#8221;medium&#8221; url=&#8221;\/en\/contact\/instant-quote\/&#8221; bg_color=&#8221;#65b32e&#8221; btn_hover_bg=&#8221;#000000&#8243; btn_hover_txt_color=&#8221;#ffffff&#8221;]GET YOUR INSTANT QUOTE[\/mk_button][\/vc_column][vc_column width=&#8221;1\/2&#8243;][vc_column_text css=&#8221;.vc_custom_1553786856256{margin-bottom: 0px !important;padding-bottom: 0px !important;}&#8221;]<img decoding=\"async\" src=\"\/wp-content\/uploads\/2016\/02\/%C3%89quipe-B%C3%A9ton-Surface-Monteregie.jpg\" alt=\"Garage flooring Mont\u00e9r\u00e9gie\" \/>[\/vc_column_text][mk_blockquote font_family=&#8221;none&#8221;]<em>We\u2019ve been in Mont\u00e9r\u00e9gie for over 25 years. We care about the region and feel privileged to be a part of our community.<\/em>[\/mk_blockquote][\/vc_column][\/vc_row][vc_row fullwidth=&#8221;true&#8221; fullwidth_content=&#8221;false&#8221; css=&#8221;.vc_custom_1553289808647{padding-top: 5% !important;padding-bottom: 5% !important;}&#8221; el_class=&#8221;graytab&#8221;][vc_column][vc_row_inner][vc_column_inner][vc_column_text css=&#8221;.vc_custom_1557891606195{margin-bottom: 0px !important;}&#8221;]\n<h4>B\u00e9ton Surface Mont\u00e9r\u00e9gie: Areas Served<\/h4>\n<p>For your garage floors in Mont\u00e9r\u00e9gie, contact the B\u00e9ton Surface team located in Saint-Jean-sur-Richelieu. Our Mont\u00e9r\u00e9gie team serves the following areas:[\/vc_column_text][\/vc_column_inner][\/vc_row_inner][vc_row_inner attached=&#8221;true&#8221; is_fullwidth_content=&#8221;false&#8221; column_padding=&#8221;2&#8243;][vc_column_inner width=&#8221;1\/2&#8243;][vc_gmaps link=&#8221;#E-8_JTNDaWZyYW1lJTIwc3R5bGUlM0QlMjJib3JkZXIlM0ElMjAwJTNCJTIyJTIwc3JjJTNEJTIyaHR0cHMlM0ElMkYlMkZ3d3cuZ29vZ2xlLmNvbSUyRm1hcHMlMkZlbWJlZCUzRnBiJTNEJTIxMW0xOCUyMTFtMTIlMjExbTMlMjExZDI4MDcuNDU4Mjc4NzM4MDg1JTIxMmQtNzMuMjcwODUyNDg0MTY5JTIxM2Q0NS4yNzg5NjAzNTM4MDUyJTIxMm0zJTIxMWYwJTIxMmYwJTIxM2YwJTIxM20yJTIxMWkxMDI0JTIxMmk3NjglMjE0ZjEzLjElMjEzbTMlMjExbTIlMjExczB4NGNjOWEyNzgzZmQxMjQ1YiUyNTNBMHgyODFmMjU1Nzk3ZjZlMmIwJTIxMnNCJTI1QzMlMjVBOXRvbiUyQlN1cmZhY2UlMkJNb250JTI1QzMlMjVBOXIlMjVDMyUyNUE5Z2llJTJCLSUyQnBsYW5jaGVyJTJCZGUlMkJnYXJhZ2UlMjE1ZTAlMjEzbTIlMjExc2VuJTIxMnNjYSUyMTR2MTQ2NTMwNTQ2OTg3MyUyMiUyMHdpZHRoJTNEJTIyNjAwJTIyJTIwaGVpZ2h0JTNEJTIyNDUwJTIyJTIwZnJhbWVib3JkZXIlM0QlMjIwJTIyJTIwYWxsb3dmdWxsc2NyZWVuJTNEJTIyYWxsb3dmdWxsc2NyZWVuJTIyJTNFJTNDJTJGaWZyYW1lJTNF&#8221;][\/vc_column_inner][vc_column_inner width=&#8221;1\/4&#8243; css=&#8221;.vc_custom_1538594933984{padding-top: 1.5% !important;padding-right: 0px !important;padding-left: 0px !important;}&#8221;][vc_column_text css=&#8221;.vc_custom_1553786896101{margin-bottom: 0px !important;}&#8221;]\n<ul>\n<li>Saint-Jean-sur-Richelieu<\/li>\n<li>Saint-Luc<\/li>\n<li>Chambly<\/li>\n<li>Ch\u00e2teauguay<\/li>\n<li>Mont-Saint-Hilaire<\/li>\n<li>Carignan<\/li>\n<li>Mercier<\/li>\n<li>St-Marc-sur -Richelieu<\/li>\n<li>St-Phillipe<\/li>\n<li>Napierville<\/li>\n<li>Bedford<\/li>\n<\/ul>\n[\/vc_column_text][\/vc_column_inner][vc_column_inner width=&#8221;1\/4&#8243;][vc_column_text css=&#8221;.vc_custom_1553452538647{margin-bottom: 0px !important;}&#8221;][\/vc_column_text][\/vc_column_inner][\/vc_row_inner][vc_row_inner css=&#8221;.vc_custom_1550560344165{border-top-width: 1px !important;padding-top: 5% !important;border-top-color: #cccccc !important;border-top-style: solid !important;}&#8221;][vc_column_inner][\/vc_column_inner][\/vc_row_inner][\/vc_column][\/vc_row][vc_row fullwidth=&#8221;true&#8221; fullwidth_content=&#8221;false&#8221; css=&#8221;.vc_custom_1542287249814{padding-top: 5% !important;padding-bottom: 5% !important;background-color: #f2f2f2 !important;}&#8221;][vc_column][vc_row_inner][vc_column_inner][vc_column_text css=&#8221;.vc_custom_1553782223941{margin-bottom: 0px !important;padding-bottom: 0px !important;}&#8221;]\n<p style=\"color: #404040; font-weight: bold;\">LOOK INTO SOME OF OUR LATEST PROJECTS :<\/p>\n[\/vc_column_text][mk_gallery images=&#8221;79,286,83,81&#8243; column=&#8221;4&#8243; image_size=&#8221;full&#8221; hover_scenarios=&#8221;none&#8221;][vc_column_text align=&#8221;right&#8221; css=&#8221;.vc_custom_1553782241954{margin-bottom: 0px !important;padding-bottom: 0px !important;}&#8221;]\n<p style=\"color: #65b32e!important; font-weight: bold; margin-bottom: 0px;\"><a href=\"https:\/\/www.betonsurface.ca\/en\/gallery\/\">SEE WHOLE GALLERY<\/a><\/p>\n[\/vc_column_text][\/vc_column_inner][\/vc_row_inner][\/vc_column][\/vc_row][vc_row fullwidth=&#8221;true&#8221; css=&#8221;.vc_custom_1548342081977{padding-top: 12% !important;padding-bottom: 8% !important;background-image: url(https:\/\/www.betonsurface.ca\/wp-content\/uploads\/2018\/11\/bprotek_franchisee-banner8-1.jpg?id=798) !important;background-position: center !important;background-repeat: no-repeat !important;background-size: cover !important;}&#8221;][vc_column][vc_row_inner][vc_column_inner width=&#8221;4\/12&#8243;][\/vc_column_inner][vc_column_inner width=&#8221;1\/12&#8243; offset=&#8221;vc_hidden-xs&#8221;][vc_column_text css=&#8221;.vc_custom_1548341883810{margin-bottom: 0px !important;}&#8221;]<img decoding=\"async\" loading=\"lazy\" class=\"typewriterb wp-image-14506 ctalogo aligncenter\" src=\"https:\/\/www.betonsurface.ca\/wp-content\/uploads\/2018\/10\/b-protek_b-icon.png\" alt=\"\" width=\"123\" height=\"123\" srcset=\"https:\/\/www.betonsurface.ca\/wp-content\/uploads\/2018\/10\/b-protek_b-icon.png 400w, https:\/\/www.betonsurface.ca\/wp-content\/uploads\/2018\/10\/b-protek_b-icon-246x246.png 246w, https:\/\/www.betonsurface.ca\/wp-content\/uploads\/2018\/10\/b-protek_b-icon-300x300.png 300w, https:\/\/www.betonsurface.ca\/wp-content\/uploads\/2018\/10\/b-protek_b-icon-100x100.png 100w, https:\/\/www.betonsurface.ca\/wp-content\/uploads\/2018\/10\/b-protek_b-icon-150x150.png 150w, https:\/\/www.betonsurface.ca\/wp-content\/uploads\/2018\/10\/b-protek_b-icon-1024x1024.png 1024w\" sizes=\"(max-width: 123px) 100vw, 123px\" \/>[\/vc_column_text][\/vc_column_inner][vc_column_inner width=&#8221;6\/12&#8243;][vc_column_text css=&#8221;.vc_custom_1553780551892{margin-bottom: 0px !important;padding-right: 5% !important;}&#8221;]<span style=\"font-size: 55px; font-weight: 600; color: #404040; font-family: canada-type-gibson, sans-serif; font-style: normal; line-height: 55px;\">When it comes to floor quality, we like to believe there is no ceiling.<\/span><\/p>\n<p><span style=\"font-weight: 600;\"><em>&#8220;They gave us a remarkable customer experience: courtesy, professionalism and a concern for our needs.&#8221;<\/em><\/span>[\/vc_column_text][\/vc_column_inner][\/vc_row_inner][\/vc_column][\/vc_row]\n<\/section>","protected":false},"excerpt":{"rendered":"<p>[vc_row fullwidth=&#8221;true&#8221; fullwidth_content=&#8221;false&#8221; visibility=&#8221;hidden-sm&#8221; css=&#8221;.vc_custom_1553290270117{padding-top: 20% !important;background-image: url(https:\/\/www.betonsurface.ca\/wp-content\/uploads\/2018\/11\/b-protek_banners_-9.jpg?id=641) !important;background-position: center !important;background-repeat: no-repeat !important;background-size: cover !important;}&#8221;][vc_column][vc_row_inner][vc_column_inner][\/vc_column_inner][\/vc_row_inner][\/vc_column][\/vc_row][vc_row fullwidth=&#8221;true&#8221; fullwidth_content=&#8221;false&#8221; visibility=&#8221;visible-sm&#8221; css=&#8221;.vc_custom_1553290260385{padding-top: 40% !important;background-image: url(https:\/\/www.betonsurface.ca\/wp-content\/uploads\/2018\/11\/b-protek_banners_-9.jpg?id=641) !important;background-position: center !important;background-repeat: no-repeat !important;background-size: cover !important;}&#8221;][vc_column][vc_row_inner][vc_column_inner][\/vc_column_inner][\/vc_row_inner][\/vc_column][\/vc_row][vc_row fullwidth=&#8221;true&#8221; fullwidth_content=&#8221;false&#8221; css=&#8221;.vc_custom_1553290185636{margin-top: -15% !important;padding-top: 5% !important;padding-left: 12% !important;}&#8221; id=&#8221;mobile-left-city&#8221;][vc_column][vc_row_inner][vc_column_inner][vc_column_text css=&#8221;.vc_custom_1553786576863{margin-bottom: 0px !important;}&#8221;] B\u00c9TON SURFACE MONT\u00c9R\u00c9GIE [\/vc_column_text][mk_padding_divider size=&#8221;22&#8243; visibility=&#8221;visible-sm&#8221;][mk_button dimension=&#8221;flat&#8221; corner_style=&#8221;rounded&#8221; size=&#8221;medium&#8221; url=&#8221;\/en\/contact\/&#8221; bg_color=&#8221;#2c2c2b&#8221; btn_hover_bg=&#8221;#000000&#8243; btn_hover_txt_color=&#8221;#ffffff&#8221;]CONTACT [&hellip;]<\/p>\n","protected":false},"author":1,"featured_media":0,"parent":0,"menu_order":0,"comment_status":"closed","ping_status":"closed","template":"","meta":{"_mbp_gutenberg_autopost":false,"footnotes":""},"yoast_head":"<!-- This site is optimized with the Yoast SEO plugin v22.6 - https:\/\/yoast.com\/wordpress\/plugins\/seo\/ -->\n<title>Top Quality Garage Flooring - Beton Surface Mont\u00e9r\u00e9gie<\/title>\n<meta name=\"description\" content=\"Are you planning to redo your garage floor? Contact B\u00e9ton Surface Mont\u00e9r\u00e9gie to obtain a free quote. Quick Reply Guarantee!\" \/>\n<meta name=\"robots\" content=\"index, follow, max-snippet:-1, max-image-preview:large, max-video-preview:-1\" \/>\n<link rel=\"canonical\" href=\"https:\/\/www.betonsurface.ca\/en\/monteregie\/\" \/>\n<meta property=\"og:locale\" content=\"en_US\" \/>\n<meta property=\"og:type\" content=\"article\" \/>\n<meta property=\"og:title\" content=\"Top Quality Garage Flooring - Beton Surface Mont\u00e9r\u00e9gie\" \/>\n<meta property=\"og:description\" content=\"Are you planning to redo your garage floor? Contact B\u00e9ton Surface Mont\u00e9r\u00e9gie to obtain a free quote. Quick Reply Guarantee!\" \/>\n<meta property=\"og:url\" content=\"https:\/\/www.betonsurface.ca\/en\/monteregie\/\" \/>\n<meta property=\"og:site_name\" content=\"B\u00e9ton Surface\" \/>\n<meta property=\"article:modified_time\" content=\"2023-01-10T21:36:45+00:00\" \/>\n<meta property=\"og:image\" content=\"https:\/\/www.betonsurface.ca\/wp-content\/uploads\/2018\/09\/video.png\" \/>\n<meta name=\"twitter:card\" content=\"summary_large_image\" \/>\n<meta name=\"twitter:label1\" content=\"Est. reading time\" \/>\n\t<meta name=\"twitter:data1\" content=\"7 minutes\" \/>\n<script type=\"application\/ld+json\" class=\"yoast-schema-graph\">{\"@context\":\"https:\/\/schema.org\",\"@graph\":[{\"@type\":\"WebPage\",\"@id\":\"https:\/\/www.betonsurface.ca\/en\/monteregie\/\",\"url\":\"https:\/\/www.betonsurface.ca\/en\/monteregie\/\",\"name\":\"Top Quality Garage Flooring - Beton Surface Mont\u00e9r\u00e9gie\",\"isPartOf\":{\"@id\":\"https:\/\/www.betonsurface.ca\/#website\"},\"primaryImageOfPage\":{\"@id\":\"https:\/\/www.betonsurface.ca\/en\/monteregie\/#primaryimage\"},\"image\":{\"@id\":\"https:\/\/www.betonsurface.ca\/en\/monteregie\/#primaryimage\"},\"thumbnailUrl\":\"https:\/\/www.betonsurface.ca\/wp-content\/uploads\/2018\/09\/video.png\",\"datePublished\":\"2019-03-28T15:30:31+00:00\",\"dateModified\":\"2023-01-10T21:36:45+00:00\",\"description\":\"Are you planning to redo your garage floor? Contact B\u00e9ton Surface Mont\u00e9r\u00e9gie to obtain a free quote. Quick Reply Guarantee!\",\"breadcrumb\":{\"@id\":\"https:\/\/www.betonsurface.ca\/en\/monteregie\/#breadcrumb\"},\"inLanguage\":\"en-US\",\"potentialAction\":[{\"@type\":\"ReadAction\",\"target\":[\"https:\/\/www.betonsurface.ca\/en\/monteregie\/\"]}]},{\"@type\":\"ImageObject\",\"inLanguage\":\"en-US\",\"@id\":\"https:\/\/www.betonsurface.ca\/en\/monteregie\/#primaryimage\",\"url\":\"https:\/\/www.betonsurface.ca\/wp-content\/uploads\/2018\/09\/video.png\",\"contentUrl\":\"https:\/\/www.betonsurface.ca\/wp-content\/uploads\/2018\/09\/video.png\"},{\"@type\":\"BreadcrumbList\",\"@id\":\"https:\/\/www.betonsurface.ca\/en\/monteregie\/#breadcrumb\",\"itemListElement\":[{\"@type\":\"ListItem\",\"position\":1,\"name\":\"Home\",\"item\":\"https:\/\/www.betonsurface.ca\/en\/\"},{\"@type\":\"ListItem\",\"position\":2,\"name\":\"B\u00e9ton Surface Monteregie\"}]},{\"@type\":\"WebSite\",\"@id\":\"https:\/\/www.betonsurface.ca\/#website\",\"url\":\"https:\/\/www.betonsurface.ca\/\",\"name\":\"B\u00e9ton Surface\",\"description\":\"Plancher de garage\",\"publisher\":{\"@id\":\"https:\/\/www.betonsurface.ca\/#organization\"},\"potentialAction\":[{\"@type\":\"SearchAction\",\"target\":{\"@type\":\"EntryPoint\",\"urlTemplate\":\"https:\/\/www.betonsurface.ca\/?s={search_term_string}\"},\"query-input\":\"required name=search_term_string\"}],\"inLanguage\":\"en-US\"},{\"@type\":\"Organization\",\"@id\":\"https:\/\/www.betonsurface.ca\/#organization\",\"name\":\"B\u00e9ton Surface\",\"url\":\"https:\/\/www.betonsurface.ca\/\",\"logo\":{\"@type\":\"ImageObject\",\"inLanguage\":\"en-US\",\"@id\":\"https:\/\/www.betonsurface.ca\/#\/schema\/logo\/image\/\",\"url\":\"https:\/\/www.betonsurface.ca\/wp-content\/uploads\/2018\/10\/b-protek_b-icon.png\",\"contentUrl\":\"https:\/\/www.betonsurface.ca\/wp-content\/uploads\/2018\/10\/b-protek_b-icon.png\",\"width\":400,\"height\":400,\"caption\":\"B\u00e9ton Surface\"},\"image\":{\"@id\":\"https:\/\/www.betonsurface.ca\/#\/schema\/logo\/image\/\"}}]}<\/script>\n<!-- \/ Yoast SEO plugin. -->","yoast_head_json":{"title":"Top Quality Garage Flooring - Beton Surface Mont\u00e9r\u00e9gie","description":"Are you planning to redo your garage floor? Contact B\u00e9ton Surface Mont\u00e9r\u00e9gie to obtain a free quote. Quick Reply Guarantee!","robots":{"index":"index","follow":"follow","max-snippet":"max-snippet:-1","max-image-preview":"max-image-preview:large","max-video-preview":"max-video-preview:-1"},"canonical":"https:\/\/www.betonsurface.ca\/en\/monteregie\/","og_locale":"en_US","og_type":"article","og_title":"Top Quality Garage Flooring - Beton Surface Mont\u00e9r\u00e9gie","og_description":"Are you planning to redo your garage floor? Contact B\u00e9ton Surface Mont\u00e9r\u00e9gie to obtain a free quote. Quick Reply Guarantee!","og_url":"https:\/\/www.betonsurface.ca\/en\/monteregie\/","og_site_name":"B\u00e9ton Surface","article_modified_time":"2023-01-10T21:36:45+00:00","og_image":[{"url":"https:\/\/www.betonsurface.ca\/wp-content\/uploads\/2018\/09\/video.png"}],"twitter_card":"summary_large_image","twitter_misc":{"Est. reading time":"7 minutes"},"schema":{"@context":"https:\/\/schema.org","@graph":[{"@type":"WebPage","@id":"https:\/\/www.betonsurface.ca\/en\/monteregie\/","url":"https:\/\/www.betonsurface.ca\/en\/monteregie\/","name":"Top Quality Garage Flooring - Beton Surface Mont\u00e9r\u00e9gie","isPartOf":{"@id":"https:\/\/www.betonsurface.ca\/#website"},"primaryImageOfPage":{"@id":"https:\/\/www.betonsurface.ca\/en\/monteregie\/#primaryimage"},"image":{"@id":"https:\/\/www.betonsurface.ca\/en\/monteregie\/#primaryimage"},"thumbnailUrl":"https:\/\/www.betonsurface.ca\/wp-content\/uploads\/2018\/09\/video.png","datePublished":"2019-03-28T15:30:31+00:00","dateModified":"2023-01-10T21:36:45+00:00","description":"Are you planning to redo your garage floor? Contact B\u00e9ton Surface Mont\u00e9r\u00e9gie to obtain a free quote. Quick Reply Guarantee!","breadcrumb":{"@id":"https:\/\/www.betonsurface.ca\/en\/monteregie\/#breadcrumb"},"inLanguage":"en-US","potentialAction":[{"@type":"ReadAction","target":["https:\/\/www.betonsurface.ca\/en\/monteregie\/"]}]},{"@type":"ImageObject","inLanguage":"en-US","@id":"https:\/\/www.betonsurface.ca\/en\/monteregie\/#primaryimage","url":"https:\/\/www.betonsurface.ca\/wp-content\/uploads\/2018\/09\/video.png","contentUrl":"https:\/\/www.betonsurface.ca\/wp-content\/uploads\/2018\/09\/video.png"},{"@type":"BreadcrumbList","@id":"https:\/\/www.betonsurface.ca\/en\/monteregie\/#breadcrumb","itemListElement":[{"@type":"ListItem","position":1,"name":"Home","item":"https:\/\/www.betonsurface.ca\/en\/"},{"@type":"ListItem","position":2,"name":"B\u00e9ton Surface Monteregie"}]},{"@type":"WebSite","@id":"https:\/\/www.betonsurface.ca\/#website","url":"https:\/\/www.betonsurface.ca\/","name":"B\u00e9ton Surface","description":"Plancher de garage","publisher":{"@id":"https:\/\/www.betonsurface.ca\/#organization"},"potentialAction":[{"@type":"SearchAction","target":{"@type":"EntryPoint","urlTemplate":"https:\/\/www.betonsurface.ca\/?s={search_term_string}"},"query-input":"required name=search_term_string"}],"inLanguage":"en-US"},{"@type":"Organization","@id":"https:\/\/www.betonsurface.ca\/#organization","name":"B\u00e9ton Surface","url":"https:\/\/www.betonsurface.ca\/","logo":{"@type":"ImageObject","inLanguage":"en-US","@id":"https:\/\/www.betonsurface.ca\/#\/schema\/logo\/image\/","url":"https:\/\/www.betonsurface.ca\/wp-content\/uploads\/2018\/10\/b-protek_b-icon.png","contentUrl":"https:\/\/www.betonsurface.ca\/wp-content\/uploads\/2018\/10\/b-protek_b-icon.png","width":400,"height":400,"caption":"B\u00e9ton Surface"},"image":{"@id":"https:\/\/www.betonsurface.ca\/#\/schema\/logo\/image\/"}}]}},"_links":{"self":[{"href":"https:\/\/www.betonsurface.ca\/en\/wp-json\/wp\/v2\/pages\/15294"}],"collection":[{"href":"https:\/\/www.betonsurface.ca\/en\/wp-json\/wp\/v2\/pages"}],"about":[{"href":"https:\/\/www.betonsurface.ca\/en\/wp-json\/wp\/v2\/types\/page"}],"author":[{"embeddable":true,"href":"https:\/\/www.betonsurface.ca\/en\/wp-json\/wp\/v2\/users\/1"}],"replies":[{"embeddable":true,"href":"https:\/\/www.betonsurface.ca\/en\/wp-json\/wp\/v2\/comments?post=15294"}],"version-history":[{"count":2,"href":"https:\/\/www.betonsurface.ca\/en\/wp-json\/wp\/v2\/pages\/15294\/revisions"}],"predecessor-version":[{"id":20401,"href":"https:\/\/www.betonsurface.ca\/en\/wp-json\/wp\/v2\/pages\/15294\/revisions\/20401"}],"wp:attachment":[{"href":"https:\/\/www.betonsurface.ca\/en\/wp-json\/wp\/v2\/media?parent=15294"}],"curies":[{"name":"wp","href":"https:\/\/api.w.org\/{rel}","templated":true}]}}