{"id":15297,"date":"2019-03-28T10:47:24","date_gmt":"2019-03-28T15:47:24","guid":{"rendered":"http:\/\/www.betons.wigdesign.ca\/?page_id=15297"},"modified":"2023-01-10T16:35:20","modified_gmt":"2023-01-10T21:35:20","slug":"laurentides","status":"publish","type":"page","link":"https:\/\/www.betonsurface.ca\/en\/laurentides\/","title":{"rendered":"B\u00e9ton Surface Laurentides"},"content":{"rendered":"<section class=\"wpb-content-wrapper\">[vc_row fullwidth=&#8221;true&#8221; fullwidth_content=&#8221;false&#8221; visibility=&#8221;hidden-sm&#8221; css=&#8221;.vc_custom_1553290270117{padding-top: 20% !important;background-image: url(https:\/\/www.betonsurface.ca\/wp-content\/uploads\/2018\/11\/b-protek_banners_-9.jpg?id=641) !important;background-position: center !important;background-repeat: no-repeat !important;background-size: cover !important;}&#8221;][vc_column][vc_row_inner][vc_column_inner][\/vc_column_inner][\/vc_row_inner][\/vc_column][\/vc_row][vc_row fullwidth=&#8221;true&#8221; fullwidth_content=&#8221;false&#8221; visibility=&#8221;visible-sm&#8221; css=&#8221;.vc_custom_1553290260385{padding-top: 40% !important;background-image: url(https:\/\/www.betonsurface.ca\/wp-content\/uploads\/2018\/11\/b-protek_banners_-9.jpg?id=641) !important;background-position: center !important;background-repeat: no-repeat !important;background-size: cover !important;}&#8221;][vc_column][vc_row_inner][vc_column_inner][\/vc_column_inner][\/vc_row_inner][\/vc_column][\/vc_row][vc_row fullwidth=&#8221;true&#8221; fullwidth_content=&#8221;false&#8221; css=&#8221;.vc_custom_1553290185636{margin-top: -15% !important;padding-top: 5% !important;padding-left: 12% !important;}&#8221; id=&#8221;mobile-left-city&#8221;][vc_column][vc_row_inner][vc_column_inner][vc_column_text css=&#8221;.vc_custom_1553787257705{margin-bottom: 0px !important;}&#8221;]\n<h1><span style=\"color: #ffffff;\"><span class=\"h1thin\">B\u00c9TON SURFACE<\/span> <span class=\"h1thick\">LAURENTIDES<\/span><\/span><\/h1>\n[\/vc_column_text][mk_padding_divider size=&#8221;22&#8243; visibility=&#8221;visible-sm&#8221;][mk_button dimension=&#8221;flat&#8221; corner_style=&#8221;rounded&#8221; size=&#8221;medium&#8221; url=&#8221;\/en\/contact\/&#8221; bg_color=&#8221;#2c2c2b&#8221; btn_hover_bg=&#8221;#000000&#8243; btn_hover_txt_color=&#8221;#ffffff&#8221;]CONTACT US[\/mk_button][mk_button dimension=&#8221;flat&#8221; corner_style=&#8221;rounded&#8221; size=&#8221;medium&#8221; url=&#8221;\/en\/contact\/instant-quote\/&#8221; bg_color=&#8221;#65b32e&#8221; btn_hover_bg=&#8221;#000000&#8243; btn_hover_txt_color=&#8221;#ffffff&#8221;]GET YOUR INSTANT QUOTE[\/mk_button][\/vc_column_inner][\/vc_row_inner][\/vc_column][\/vc_row][vc_row fullwidth=&#8221;true&#8221; fullwidth_content=&#8221;false&#8221; css=&#8221;.vc_custom_1553289603839{padding-top: 3% !important;}&#8221;][vc_column][vc_row_inner attached=&#8221;true&#8221; is_fullwidth_content=&#8221;false&#8221; column_padding=&#8221;4&#8243;][vc_column_inner width=&#8221;1\/2&#8243;][vc_column_text css=&#8221;.vc_custom_1553787889159{margin-bottom: 0px !important;}&#8221;]\n<h2>The Flooring Specialist in the Laurentides<\/h2>\n[\/vc_column_text][vc_column_text css=&#8221;.vc_custom_1553787970057{margin-bottom: 0px !important;}&#8221;]B\u00e9ton Surface, an industry leader in flooring across Quebec, is now offering its flooring services to residents of the Laurentides region.<\/p>\n<p>Have renovation projects in mind for your garage, basement or kitchen? B\u00e9ton Surface Laurentides offers 2 materials which are aesthetic, durable and resistant.<\/p>\n<p><img decoding=\"async\" class=\"aligncenter\" src=\"https:\/\/www.betonsurface.ca\/wp-content\/uploads\/2017\/04\/B%C3%A9ton-Surface-Laurentides.jpg\" alt=\"B\u00e9ton Surface Laurentides\" \/>[\/vc_column_text][\/vc_column_inner][vc_column_inner width=&#8221;1\/2&#8243; css=&#8221;.vc_custom_1553287908567{margin-right: 0px !important;margin-left: 0px !important;padding-right: 0px !important;padding-left: 0px !important;}&#8221;][vc_column_text css=&#8221;.vc_custom_1673386517813{margin-bottom: 0px !important;}&#8221;]\n<h3>Epoxy<\/h3>\n<p><a href=\"https:\/\/www.betonsurface.ca\/en\/product-information\/epoxy-garage-floors\/\">Epoxy<\/a>\u00a0is a popular solution, providing excellent value for your money. Originally used in high-traffic areas such as warehouses, airports, businesses and restaurants, its aesthetic feature makes it also a good choice for residential buildings. Why?<\/p>\n<ul>\n<li>It\u2019s not only available in different finishes, but also in a wide range of colours. You can opt for a clear epoxy, solid epoxy or even metallic epoxy.<\/li>\n<li>Epoxy is highly water resistant, making it a recommended alternative for a garage as well as a bathroom or a kitchen, where getting water on the floor is inevitable.<\/li>\n<li>The smooth and uniform surface that you get with epoxy is easy to clean and requires little maintenance.<\/li>\n<\/ul>\n<p><strong>Polyurea with flakes<\/strong><\/p>\n<p><a href=\"https:\/\/www.betonsurface.ca\/en\/product-information\/polyaspartic-floor\/\"><u>Polyurea with flakes<\/u><\/a>\u00a0has gained in popularity over the last few years as an ideal floor coating solution for garages as well as for any other exterior floor. Why?<\/p>\n<ul>\n<li>It\u2019s particularly UV and weather-resistant making it the #1 choice for stairs, balconies, decks as well as outdoor poolside decks.<\/li>\n<li>It figures among the most durable and resistant floorings in the industry.<\/li>\n<li>It\u2019s available in several finishes so you can install the one that\u2019s right for you.<\/li>\n<\/ul>\n[\/vc_column_text][mk_padding_divider size=&#8221;10&#8243;][mk_button dimension=&#8221;flat&#8221; corner_style=&#8221;rounded&#8221; size=&#8221;medium&#8221; url=&#8221;\/en\/contact\/&#8221; bg_color=&#8221;#2c2c2b&#8221; btn_hover_bg=&#8221;#000000&#8243; btn_hover_txt_color=&#8221;#ffffff&#8221;]CONTACT US[\/mk_button][mk_button dimension=&#8221;flat&#8221; corner_style=&#8221;rounded&#8221; size=&#8221;medium&#8221; url=&#8221;\/en\/contact\/instant-quote\/&#8221; bg_color=&#8221;#65b32e&#8221; btn_hover_bg=&#8221;#000000&#8243; btn_hover_txt_color=&#8221;#ffffff&#8221;]GET YOUR INSTANT QUOTE[\/mk_button][\/vc_column_inner][\/vc_row_inner][\/vc_column][\/vc_row][vc_row fullwidth=&#8221;true&#8221; css=&#8221;.vc_custom_1550556239318{padding-top: 20% !important;padding-bottom: 5% !important;background-image: url(https:\/\/www.betonsurface.ca\/wp-content\/uploads\/2018\/11\/b-protek_banners_-19.jpg?id=731) !important;background-position: center !important;background-repeat: no-repeat !important;background-size: cover !important;}&#8221;][vc_column][vc_row_inner is_fullwidth_content=&#8221;false&#8221;][vc_column_inner][vc_column_text css=&#8221;.vc_custom_1553780004881{margin-bottom: 0px !important;padding-bottom: 0px !important;}&#8221;]\n<p style=\"color: #ffffff; margin-bottom: 0px!important;\">Polyurea Design by B\u00e9ton Surface<\/p>\n[\/vc_column_text][vc_column_text css=&#8221;.vc_custom_1553780028758{margin-top: 0px !important;margin-bottom: 0px !important;border-bottom-width: 0px !important;padding-top: 0px !important;}&#8221;]\n<h2 style=\"color: #ffffff;\">The Perfect Garage Floor<\/h2>\n[\/vc_column_text][vc_column_text css=&#8221;.vc_custom_1553782201100{margin-bottom: 0px !important;padding-top: 1% !important;}&#8221;]<a href=\"https:\/\/www.youtube.com\/watch?v=9RLy3UWit8M\" rel=\"lightbox\"><img decoding=\"async\" loading=\"lazy\" class=\"alignnone wp-image-14474\" src=\"https:\/\/www.betonsurface.ca\/wp-content\/uploads\/2018\/09\/video.png\" alt=\"\" width=\"62\" height=\"50\" \/><\/a>\u00a0\u00a0<a style=\"color: #ffffff; font-weight: 600;\" href=\"https:\/\/www.youtube.com\/watch?v=9RLy3UWit8M\" rel=\"lightbox\">See for yourself!<\/a>[\/vc_column_text][\/vc_column_inner][\/vc_row_inner][\/vc_column][\/vc_row][vc_row fullwidth=&#8221;true&#8221; fullwidth_content=&#8221;false&#8221; attached=&#8221;true&#8221; column_padding=&#8221;4&#8243; css=&#8221;.vc_custom_1553289623159{padding-top: 5% !important;}&#8221;][vc_column width=&#8221;1\/2&#8243;][vc_column_text css=&#8221;.vc_custom_1553787846151{margin-bottom: 0px !important;}&#8221;]\n<h2>The Team at B\u00e9ton Surface Laurentides<\/h2>\n<p>His customer promise is to always provide service that meets the highest industry standards in flooring. He delivers this mission together with his son, Maxime, who boasts solid experience in the field of construction.<\/p>\n<p>Father and son are working to develop a business that reflects their vision of quality work. This partnership that\u2019s been built over the years will surely be visible in the services delivered to residents in the Laurentides.[\/vc_column_text][mk_padding_divider size=&#8221;10&#8243;][mk_button dimension=&#8221;flat&#8221; corner_style=&#8221;rounded&#8221; size=&#8221;medium&#8221; url=&#8221;\/en\/contact\/&#8221; bg_color=&#8221;#2c2c2b&#8221; btn_hover_bg=&#8221;#000000&#8243; btn_hover_txt_color=&#8221;#ffffff&#8221;]CONTACT US[\/mk_button][mk_button dimension=&#8221;flat&#8221; corner_style=&#8221;rounded&#8221; size=&#8221;medium&#8221; url=&#8221;\/en\/contact\/instant-quote\/&#8221; bg_color=&#8221;#65b32e&#8221; btn_hover_bg=&#8221;#000000&#8243; btn_hover_txt_color=&#8221;#ffffff&#8221;]GET YOUR INSTANT QUOTE[\/mk_button][\/vc_column][vc_column width=&#8221;1\/2&#8243;][vc_column_text css=&#8221;.vc_custom_1553787506851{margin-bottom: 0px !important;padding-bottom: 0px !important;}&#8221;]<img decoding=\"async\" src=\"https:\/\/www.betonsurface.ca\/wp-content\/uploads\/2017\/04\/B%C3%A9ton-Surface-St-J%C3%A9r%C3%B4me.jpg\" alt=\"B\u00e9ton Surface St-J\u00e9r\u00f4me\" \/>[\/vc_column_text][mk_blockquote font_family=&#8221;none&#8221;]<em>With more than 10 years of experience as a production supervisor, Luc Plouffe embodies rigor, efficiency and quality.<\/em>[\/mk_blockquote][\/vc_column][\/vc_row][vc_row fullwidth=&#8221;true&#8221; fullwidth_content=&#8221;false&#8221; css=&#8221;.vc_custom_1553289808647{padding-top: 5% !important;padding-bottom: 5% !important;}&#8221; el_class=&#8221;graytab&#8221;][vc_column][vc_row_inner][vc_column_inner][vc_column_text css=&#8221;.vc_custom_1553787832268{margin-bottom: 0px !important;}&#8221;]\n<h2>B\u00e9ton Surface Laurentides: Areas Served<\/h2>\n[\/vc_column_text][\/vc_column_inner][\/vc_row_inner][vc_row_inner attached=&#8221;true&#8221; is_fullwidth_content=&#8221;false&#8221; column_padding=&#8221;2&#8243;][vc_column_inner width=&#8221;1\/3&#8243;][vc_column_text css=&#8221;.vc_custom_1553787562081{margin-bottom: 0px !important;}&#8221;]\n<ul>\n<li>St-J\u00e9r\u00f4me<\/li>\n<li>Amherst<\/li>\n<li>Br\u00e9beuf<\/li>\n<li>Barkmere<\/li>\n<li>Huberdeau<\/li>\n<li>La Conception<\/li>\n<li>La Minerve<\/li>\n<li>Labelle<\/li>\n<li>Lac-Sup\u00e9rieur<\/li>\n<\/ul>\n[\/vc_column_text][\/vc_column_inner][vc_column_inner width=&#8221;1\/3&#8243; css=&#8221;.vc_custom_1538594933984{padding-top: 1.5% !important;padding-right: 0px !important;padding-left: 0px !important;}&#8221;][vc_column_text css=&#8221;.vc_custom_1553787573818{margin-bottom: 0px !important;}&#8221;]\n<ul>\n<li>Lac-Tremblant-Nord<\/li>\n<li>Lantier<\/li>\n<li>Mont-Tremblant<\/li>\n<li>Montcalm<\/li>\n<li>Saint-Faustin-Lac-Carr\u00e9<\/li>\n<li>Sainte-Agathe-des-Monts<\/li>\n<li>Sainte-Lucie-des-Laurentides<\/li>\n<li>Val-David<\/li>\n<li>Val-des-Lacs<\/li>\n<li>Val-Morin<\/li>\n<\/ul>\n[\/vc_column_text][\/vc_column_inner][vc_column_inner width=&#8221;1\/3&#8243;][vc_column_text css=&#8221;.vc_custom_1553452538647{margin-bottom: 0px !important;}&#8221;][\/vc_column_text][\/vc_column_inner][\/vc_row_inner][vc_row_inner css=&#8221;.vc_custom_1550560344165{border-top-width: 1px !important;padding-top: 5% !important;border-top-color: #cccccc !important;border-top-style: solid !important;}&#8221;][vc_column_inner][\/vc_column_inner][\/vc_row_inner][\/vc_column][\/vc_row][vc_row fullwidth=&#8221;true&#8221; fullwidth_content=&#8221;false&#8221; css=&#8221;.vc_custom_1542287249814{padding-top: 5% !important;padding-bottom: 5% !important;background-color: #f2f2f2 !important;}&#8221;][vc_column][vc_row_inner][vc_column_inner][vc_column_text css=&#8221;.vc_custom_1553782223941{margin-bottom: 0px !important;padding-bottom: 0px !important;}&#8221;]\n<p style=\"color: #404040; font-weight: bold;\">LOOK INTO SOME OF OUR LATEST PROJECTS :<\/p>\n[\/vc_column_text][mk_gallery images=&#8221;79,286,83,81&#8243; column=&#8221;4&#8243; image_size=&#8221;full&#8221; hover_scenarios=&#8221;none&#8221;][vc_column_text align=&#8221;right&#8221; css=&#8221;.vc_custom_1553782241954{margin-bottom: 0px !important;padding-bottom: 0px !important;}&#8221;]\n<p style=\"color: #65b32e!important; font-weight: bold; margin-bottom: 0px;\"><a href=\"https:\/\/www.betonsurface.ca\/en\/gallery\/\">SEE WHOLE GALLERY<\/a><\/p>\n[\/vc_column_text][\/vc_column_inner][\/vc_row_inner][\/vc_column][\/vc_row][vc_row fullwidth=&#8221;true&#8221; css=&#8221;.vc_custom_1548342081977{padding-top: 12% !important;padding-bottom: 8% !important;background-image: url(https:\/\/www.betonsurface.ca\/wp-content\/uploads\/2018\/11\/bprotek_franchisee-banner8-1.jpg?id=798) !important;background-position: center !important;background-repeat: no-repeat !important;background-size: cover !important;}&#8221;][vc_column][vc_row_inner][vc_column_inner width=&#8221;4\/12&#8243;][\/vc_column_inner][vc_column_inner width=&#8221;1\/12&#8243; offset=&#8221;vc_hidden-xs&#8221;][vc_column_text css=&#8221;.vc_custom_1548341883810{margin-bottom: 0px !important;}&#8221;]<img decoding=\"async\" loading=\"lazy\" class=\"typewriterb wp-image-14506 ctalogo aligncenter\" src=\"https:\/\/www.betonsurface.ca\/wp-content\/uploads\/2018\/10\/b-protek_b-icon.png\" alt=\"\" width=\"123\" height=\"123\" srcset=\"https:\/\/www.betonsurface.ca\/wp-content\/uploads\/2018\/10\/b-protek_b-icon.png 400w, https:\/\/www.betonsurface.ca\/wp-content\/uploads\/2018\/10\/b-protek_b-icon-246x246.png 246w, https:\/\/www.betonsurface.ca\/wp-content\/uploads\/2018\/10\/b-protek_b-icon-300x300.png 300w, https:\/\/www.betonsurface.ca\/wp-content\/uploads\/2018\/10\/b-protek_b-icon-100x100.png 100w, https:\/\/www.betonsurface.ca\/wp-content\/uploads\/2018\/10\/b-protek_b-icon-150x150.png 150w, https:\/\/www.betonsurface.ca\/wp-content\/uploads\/2018\/10\/b-protek_b-icon-1024x1024.png 1024w\" sizes=\"(max-width: 123px) 100vw, 123px\" \/>[\/vc_column_text][\/vc_column_inner][vc_column_inner width=&#8221;6\/12&#8243;][vc_column_text css=&#8221;.vc_custom_1553780551892{margin-bottom: 0px !important;padding-right: 5% !important;}&#8221;]<span style=\"font-size: 55px; font-weight: 600; color: #404040; font-family: canada-type-gibson, sans-serif; font-style: normal; line-height: 55px;\">When it comes to floor quality, we like to believe there is no ceiling.<\/span><\/p>\n<p><span style=\"font-weight: 600;\"><em>&#8220;They gave us a remarkable customer experience: courtesy, professionalism and a concern for our needs.&#8221;<\/em><\/span>[\/vc_column_text][\/vc_column_inner][\/vc_row_inner][\/vc_column][\/vc_row]\n<\/section>","protected":false},"excerpt":{"rendered":"<p>[vc_row fullwidth=&#8221;true&#8221; fullwidth_content=&#8221;false&#8221; visibility=&#8221;hidden-sm&#8221; css=&#8221;.vc_custom_1553290270117{padding-top: 20% !important;background-image: url(https:\/\/www.betonsurface.ca\/wp-content\/uploads\/2018\/11\/b-protek_banners_-9.jpg?id=641) !important;background-position: center !important;background-repeat: no-repeat !important;background-size: cover !important;}&#8221;][vc_column][vc_row_inner][vc_column_inner][\/vc_column_inner][\/vc_row_inner][\/vc_column][\/vc_row][vc_row fullwidth=&#8221;true&#8221; fullwidth_content=&#8221;false&#8221; visibility=&#8221;visible-sm&#8221; css=&#8221;.vc_custom_1553290260385{padding-top: 40% !important;background-image: url(https:\/\/www.betonsurface.ca\/wp-content\/uploads\/2018\/11\/b-protek_banners_-9.jpg?id=641) !important;background-position: center !important;background-repeat: no-repeat !important;background-size: cover !important;}&#8221;][vc_column][vc_row_inner][vc_column_inner][\/vc_column_inner][\/vc_row_inner][\/vc_column][\/vc_row][vc_row fullwidth=&#8221;true&#8221; fullwidth_content=&#8221;false&#8221; css=&#8221;.vc_custom_1553290185636{margin-top: -15% !important;padding-top: 5% !important;padding-left: 12% !important;}&#8221; id=&#8221;mobile-left-city&#8221;][vc_column][vc_row_inner][vc_column_inner][vc_column_text css=&#8221;.vc_custom_1553787257705{margin-bottom: 0px !important;}&#8221;] B\u00c9TON SURFACE LAURENTIDES [\/vc_column_text][mk_padding_divider size=&#8221;22&#8243; visibility=&#8221;visible-sm&#8221;][mk_button dimension=&#8221;flat&#8221; corner_style=&#8221;rounded&#8221; size=&#8221;medium&#8221; url=&#8221;\/en\/contact\/&#8221; bg_color=&#8221;#2c2c2b&#8221; btn_hover_bg=&#8221;#000000&#8243; btn_hover_txt_color=&#8221;#ffffff&#8221;]CONTACT [&hellip;]<\/p>\n","protected":false},"author":1,"featured_media":0,"parent":0,"menu_order":0,"comment_status":"closed","ping_status":"closed","template":"","meta":{"_mbp_gutenberg_autopost":false,"footnotes":""},"yoast_head":"<!-- This site is optimized with the Yoast SEO plugin v22.6 - https:\/\/yoast.com\/wordpress\/plugins\/seo\/ -->\n<title>Epoxy Garage Floor Installers in The Laurentides | B\u00e9ton Surface<\/title>\n<meta name=\"description\" content=\"The B\u00e9ton Surface Laurentides team offers epoxy and polyurea floor coatings with flakes to cover your floors. Don&#039;t wait any longer and call our team today!\" \/>\n<meta name=\"robots\" content=\"index, follow, max-snippet:-1, max-image-preview:large, max-video-preview:-1\" \/>\n<link rel=\"canonical\" href=\"https:\/\/www.betonsurface.ca\/en\/laurentides\/\" \/>\n<meta property=\"og:locale\" content=\"en_US\" \/>\n<meta property=\"og:type\" content=\"article\" \/>\n<meta property=\"og:title\" content=\"Epoxy Garage Floor Installers in The Laurentides | B\u00e9ton Surface\" \/>\n<meta property=\"og:description\" content=\"The B\u00e9ton Surface Laurentides team offers epoxy and polyurea floor coatings with flakes to cover your floors. Don&#039;t wait any longer and call our team today!\" \/>\n<meta property=\"og:url\" content=\"https:\/\/www.betonsurface.ca\/en\/laurentides\/\" \/>\n<meta property=\"og:site_name\" content=\"B\u00e9ton Surface\" \/>\n<meta property=\"article:modified_time\" content=\"2023-01-10T21:35:20+00:00\" \/>\n<meta property=\"og:image\" content=\"https:\/\/www.betonsurface.ca\/wp-content\/uploads\/2017\/04\/B%C3%A9ton-Surface-Laurentides.jpg\" \/>\n<meta name=\"twitter:card\" content=\"summary_large_image\" \/>\n<meta name=\"twitter:label1\" content=\"Est. reading time\" \/>\n\t<meta name=\"twitter:data1\" content=\"7 minutes\" \/>\n<script type=\"application\/ld+json\" class=\"yoast-schema-graph\">{\"@context\":\"https:\/\/schema.org\",\"@graph\":[{\"@type\":\"WebPage\",\"@id\":\"https:\/\/www.betonsurface.ca\/en\/laurentides\/\",\"url\":\"https:\/\/www.betonsurface.ca\/en\/laurentides\/\",\"name\":\"Epoxy Garage Floor Installers in The Laurentides | B\u00e9ton Surface\",\"isPartOf\":{\"@id\":\"https:\/\/www.betonsurface.ca\/#website\"},\"primaryImageOfPage\":{\"@id\":\"https:\/\/www.betonsurface.ca\/en\/laurentides\/#primaryimage\"},\"image\":{\"@id\":\"https:\/\/www.betonsurface.ca\/en\/laurentides\/#primaryimage\"},\"thumbnailUrl\":\"https:\/\/www.betonsurface.ca\/wp-content\/uploads\/2017\/04\/B%C3%A9ton-Surface-Laurentides.jpg\",\"datePublished\":\"2019-03-28T15:47:24+00:00\",\"dateModified\":\"2023-01-10T21:35:20+00:00\",\"description\":\"The B\u00e9ton Surface Laurentides team offers epoxy and polyurea floor coatings with flakes to cover your floors. Don't wait any longer and call our team today!\",\"breadcrumb\":{\"@id\":\"https:\/\/www.betonsurface.ca\/en\/laurentides\/#breadcrumb\"},\"inLanguage\":\"en-US\",\"potentialAction\":[{\"@type\":\"ReadAction\",\"target\":[\"https:\/\/www.betonsurface.ca\/en\/laurentides\/\"]}]},{\"@type\":\"ImageObject\",\"inLanguage\":\"en-US\",\"@id\":\"https:\/\/www.betonsurface.ca\/en\/laurentides\/#primaryimage\",\"url\":\"https:\/\/www.betonsurface.ca\/wp-content\/uploads\/2017\/04\/B%C3%A9ton-Surface-Laurentides.jpg\",\"contentUrl\":\"https:\/\/www.betonsurface.ca\/wp-content\/uploads\/2017\/04\/B%C3%A9ton-Surface-Laurentides.jpg\"},{\"@type\":\"BreadcrumbList\",\"@id\":\"https:\/\/www.betonsurface.ca\/en\/laurentides\/#breadcrumb\",\"itemListElement\":[{\"@type\":\"ListItem\",\"position\":1,\"name\":\"Home\",\"item\":\"https:\/\/www.betonsurface.ca\/en\/\"},{\"@type\":\"ListItem\",\"position\":2,\"name\":\"B\u00e9ton Surface Laurentides\"}]},{\"@type\":\"WebSite\",\"@id\":\"https:\/\/www.betonsurface.ca\/#website\",\"url\":\"https:\/\/www.betonsurface.ca\/\",\"name\":\"B\u00e9ton Surface\",\"description\":\"Plancher de garage\",\"publisher\":{\"@id\":\"https:\/\/www.betonsurface.ca\/#organization\"},\"potentialAction\":[{\"@type\":\"SearchAction\",\"target\":{\"@type\":\"EntryPoint\",\"urlTemplate\":\"https:\/\/www.betonsurface.ca\/?s={search_term_string}\"},\"query-input\":\"required name=search_term_string\"}],\"inLanguage\":\"en-US\"},{\"@type\":\"Organization\",\"@id\":\"https:\/\/www.betonsurface.ca\/#organization\",\"name\":\"B\u00e9ton Surface\",\"url\":\"https:\/\/www.betonsurface.ca\/\",\"logo\":{\"@type\":\"ImageObject\",\"inLanguage\":\"en-US\",\"@id\":\"https:\/\/www.betonsurface.ca\/#\/schema\/logo\/image\/\",\"url\":\"https:\/\/www.betonsurface.ca\/wp-content\/uploads\/2018\/10\/b-protek_b-icon.png\",\"contentUrl\":\"https:\/\/www.betonsurface.ca\/wp-content\/uploads\/2018\/10\/b-protek_b-icon.png\",\"width\":400,\"height\":400,\"caption\":\"B\u00e9ton Surface\"},\"image\":{\"@id\":\"https:\/\/www.betonsurface.ca\/#\/schema\/logo\/image\/\"}}]}<\/script>\n<!-- \/ Yoast SEO plugin. -->","yoast_head_json":{"title":"Epoxy Garage Floor Installers in The Laurentides | B\u00e9ton Surface","description":"The B\u00e9ton Surface Laurentides team offers epoxy and polyurea floor coatings with flakes to cover your floors. Don't wait any longer and call our team today!","robots":{"index":"index","follow":"follow","max-snippet":"max-snippet:-1","max-image-preview":"max-image-preview:large","max-video-preview":"max-video-preview:-1"},"canonical":"https:\/\/www.betonsurface.ca\/en\/laurentides\/","og_locale":"en_US","og_type":"article","og_title":"Epoxy Garage Floor Installers in The Laurentides | B\u00e9ton Surface","og_description":"The B\u00e9ton Surface Laurentides team offers epoxy and polyurea floor coatings with flakes to cover your floors. Don't wait any longer and call our team today!","og_url":"https:\/\/www.betonsurface.ca\/en\/laurentides\/","og_site_name":"B\u00e9ton Surface","article_modified_time":"2023-01-10T21:35:20+00:00","og_image":[{"url":"https:\/\/www.betonsurface.ca\/wp-content\/uploads\/2017\/04\/B%C3%A9ton-Surface-Laurentides.jpg"}],"twitter_card":"summary_large_image","twitter_misc":{"Est. reading time":"7 minutes"},"schema":{"@context":"https:\/\/schema.org","@graph":[{"@type":"WebPage","@id":"https:\/\/www.betonsurface.ca\/en\/laurentides\/","url":"https:\/\/www.betonsurface.ca\/en\/laurentides\/","name":"Epoxy Garage Floor Installers in The Laurentides | B\u00e9ton Surface","isPartOf":{"@id":"https:\/\/www.betonsurface.ca\/#website"},"primaryImageOfPage":{"@id":"https:\/\/www.betonsurface.ca\/en\/laurentides\/#primaryimage"},"image":{"@id":"https:\/\/www.betonsurface.ca\/en\/laurentides\/#primaryimage"},"thumbnailUrl":"https:\/\/www.betonsurface.ca\/wp-content\/uploads\/2017\/04\/B%C3%A9ton-Surface-Laurentides.jpg","datePublished":"2019-03-28T15:47:24+00:00","dateModified":"2023-01-10T21:35:20+00:00","description":"The B\u00e9ton Surface Laurentides team offers epoxy and polyurea floor coatings with flakes to cover your floors. Don't wait any longer and call our team today!","breadcrumb":{"@id":"https:\/\/www.betonsurface.ca\/en\/laurentides\/#breadcrumb"},"inLanguage":"en-US","potentialAction":[{"@type":"ReadAction","target":["https:\/\/www.betonsurface.ca\/en\/laurentides\/"]}]},{"@type":"ImageObject","inLanguage":"en-US","@id":"https:\/\/www.betonsurface.ca\/en\/laurentides\/#primaryimage","url":"https:\/\/www.betonsurface.ca\/wp-content\/uploads\/2017\/04\/B%C3%A9ton-Surface-Laurentides.jpg","contentUrl":"https:\/\/www.betonsurface.ca\/wp-content\/uploads\/2017\/04\/B%C3%A9ton-Surface-Laurentides.jpg"},{"@type":"BreadcrumbList","@id":"https:\/\/www.betonsurface.ca\/en\/laurentides\/#breadcrumb","itemListElement":[{"@type":"ListItem","position":1,"name":"Home","item":"https:\/\/www.betonsurface.ca\/en\/"},{"@type":"ListItem","position":2,"name":"B\u00e9ton Surface Laurentides"}]},{"@type":"WebSite","@id":"https:\/\/www.betonsurface.ca\/#website","url":"https:\/\/www.betonsurface.ca\/","name":"B\u00e9ton Surface","description":"Plancher de garage","publisher":{"@id":"https:\/\/www.betonsurface.ca\/#organization"},"potentialAction":[{"@type":"SearchAction","target":{"@type":"EntryPoint","urlTemplate":"https:\/\/www.betonsurface.ca\/?s={search_term_string}"},"query-input":"required name=search_term_string"}],"inLanguage":"en-US"},{"@type":"Organization","@id":"https:\/\/www.betonsurface.ca\/#organization","name":"B\u00e9ton Surface","url":"https:\/\/www.betonsurface.ca\/","logo":{"@type":"ImageObject","inLanguage":"en-US","@id":"https:\/\/www.betonsurface.ca\/#\/schema\/logo\/image\/","url":"https:\/\/www.betonsurface.ca\/wp-content\/uploads\/2018\/10\/b-protek_b-icon.png","contentUrl":"https:\/\/www.betonsurface.ca\/wp-content\/uploads\/2018\/10\/b-protek_b-icon.png","width":400,"height":400,"caption":"B\u00e9ton Surface"},"image":{"@id":"https:\/\/www.betonsurface.ca\/#\/schema\/logo\/image\/"}}]}},"_links":{"self":[{"href":"https:\/\/www.betonsurface.ca\/en\/wp-json\/wp\/v2\/pages\/15297"}],"collection":[{"href":"https:\/\/www.betonsurface.ca\/en\/wp-json\/wp\/v2\/pages"}],"about":[{"href":"https:\/\/www.betonsurface.ca\/en\/wp-json\/wp\/v2\/types\/page"}],"author":[{"embeddable":true,"href":"https:\/\/www.betonsurface.ca\/en\/wp-json\/wp\/v2\/users\/1"}],"replies":[{"embeddable":true,"href":"https:\/\/www.betonsurface.ca\/en\/wp-json\/wp\/v2\/comments?post=15297"}],"version-history":[{"count":2,"href":"https:\/\/www.betonsurface.ca\/en\/wp-json\/wp\/v2\/pages\/15297\/revisions"}],"predecessor-version":[{"id":20400,"href":"https:\/\/www.betonsurface.ca\/en\/wp-json\/wp\/v2\/pages\/15297\/revisions\/20400"}],"wp:attachment":[{"href":"https:\/\/www.betonsurface.ca\/en\/wp-json\/wp\/v2\/media?parent=15297"}],"curies":[{"name":"wp","href":"https:\/\/api.w.org\/{rel}","templated":true}]}}