{"id":15749,"date":"2019-03-29T10:46:52","date_gmt":"2019-03-29T15:46:52","guid":{"rendered":"http:\/\/www.betons.wigdesign.ca\/?page_id=15749"},"modified":"2022-02-23T14:10:31","modified_gmt":"2022-02-23T19:10:31","slug":"instant-quote","status":"publish","type":"page","link":"https:\/\/www.betonsurface.ca\/en\/contact\/instant-quote\/","title":{"rendered":"Instant Quote"},"content":{"rendered":"<section class=\"wpb-content-wrapper\">[vc_row fullwidth=&#8221;true&#8221; fullwidth_content=&#8221;false&#8221; css=&#8221;.vc_custom_1554249334459{padding-top: 13% !important;padding-bottom: 8% !important;}&#8221;][vc_column width=&#8221;1\/6&#8243;][\/vc_column][vc_column width=&#8221;2\/3&#8243;][vc_column_text align=&#8221;center&#8221; css=&#8221;.vc_custom_1645643425928{margin-bottom: 0px !important;}&#8221;]\n<h1 style=\"font-size: 48px;\">Budgetary Cost<\/h1>\n[\/vc_column_text]<script type=\"text\/javascript\">var gform;gform||(document.addEventListener(\"gform_main_scripts_loaded\",function(){gform.scriptsLoaded=!0}),window.addEventListener(\"DOMContentLoaded\",function(){gform.domLoaded=!0}),gform={domLoaded:!1,scriptsLoaded:!1,initializeOnLoaded:function(o){gform.domLoaded&&gform.scriptsLoaded?o():!gform.domLoaded&&gform.scriptsLoaded?window.addEventListener(\"DOMContentLoaded\",o):document.addEventListener(\"gform_main_scripts_loaded\",o)},hooks:{action:{},filter:{}},addAction:function(o,n,r,t){gform.addHook(\"action\",o,n,r,t)},addFilter:function(o,n,r,t){gform.addHook(\"filter\",o,n,r,t)},doAction:function(o){gform.doHook(\"action\",o,arguments)},applyFilters:function(o){return gform.doHook(\"filter\",o,arguments)},removeAction:function(o,n){gform.removeHook(\"action\",o,n)},removeFilter:function(o,n,r){gform.removeHook(\"filter\",o,n,r)},addHook:function(o,n,r,t,i){null==gform.hooks[o][n]&&(gform.hooks[o][n]=[]);var e=gform.hooks[o][n];null==i&&(i=n+\"_\"+e.length),gform.hooks[o][n].push({tag:i,callable:r,priority:t=null==t?10:t})},doHook:function(n,o,r){var t;if(r=Array.prototype.slice.call(r,1),null!=gform.hooks[n][o]&&((o=gform.hooks[n][o]).sort(function(o,n){return o.priority-n.priority}),o.forEach(function(o){\"function\"!=typeof(t=o.callable)&&(t=window[t]),\"action\"==n?t.apply(null,r):r[0]=t.apply(null,r)})),\"filter\"==n)return r[0]},removeHook:function(o,n,t,i){var r;null!=gform.hooks[o][n]&&(r=(r=gform.hooks[o][n]).filter(function(o,n,r){return!!(null!=i&&i!=o.tag||null!=t&&t!=o.priority)}),gform.hooks[o][n]=r)}});<\/script>\n                <div class='gf_browser_gecko gform_wrapper gform_legacy_markup_wrapper' id='gform_wrapper_41' ><div id='gf_41' class='gform_anchor' tabindex='-1'><\/div><form method='post' enctype='multipart\/form-data'  id='gform_41'  action='\/en\/wp-json\/wp\/v2\/pages\/15749#gf_41' >\n                        <div class='gform_body gform-body'><ul id='gform_fields_41' class='gform_fields top_label form_sublabel_below description_below'><li id=\"field_41_2\" class=\"gfield gfield_html gfield_html_formatted gfield_no_follows_desc field_sublabel_below field_description_below gfield_visibility_visible\" ><h2 style=\"font-weight:300;\">Please enter your postal code below :<\/h2><\/li><li id=\"field_41_1\" class=\"gfield field_sublabel_below field_description_below hidden_label gfield_visibility_visible\" ><label class='gfield_label' for='input_41_1' >Postal Code<\/label><div class='ginput_container ginput_container_text'><input name='input_1' id='input_41_1' type='text' value='' class='medium'    placeholder='Ex : A9A 9A9'  aria-invalid=\"false\"   \/> <\/div><\/li><li id=\"field_41_3\" class=\"gfield gform_hidden field_sublabel_below field_description_below gfield_visibility_visible\" ><div class='ginput_container ginput_container_text'><input name='input_3' id='input_41_3' type='hidden' class='gform_hidden'  aria-invalid=\"false\" value='' \/><\/div><\/li><li id=\"field_41_4\" class=\"gfield gform_hidden field_sublabel_below field_description_below gfield_visibility_visible\" ><div class='ginput_container ginput_container_text'><input name='input_4' id='input_41_4' type='hidden' class='gform_hidden'  aria-invalid=\"false\" value='' \/><\/div><\/li><li id=\"field_41_5\" class=\"gfield gform_hidden field_sublabel_below field_description_below gfield_visibility_visible\" ><div class='ginput_container ginput_container_text'><input name='input_5' id='input_41_5' type='hidden' class='gform_hidden'  aria-invalid=\"false\" value='' \/><\/div><\/li><li id=\"field_41_6\" class=\"gfield gform_hidden field_sublabel_below field_description_below gfield_visibility_visible\" ><div class='ginput_container ginput_container_text'><input name='input_6' id='input_41_6' type='hidden' class='gform_hidden'  aria-invalid=\"false\" value='' \/><\/div><\/li><li id=\"field_41_7\" class=\"gfield gform_validation_container field_sublabel_below field_description_below gfield_visibility_visible\" ><label class='gfield_label' for='input_41_7' >Phone<\/label><div class='ginput_container'><input name='input_7' id='input_41_7' type='text' value='' \/><\/div><div class='gfield_description' id='gfield_description_41_7'>This field is for validation purposes and should be left unchanged.<\/div><\/li><\/ul><\/div>\n        <div class='gform_footer top_label'> <input type='submit' id='gform_submit_button_41' class='gform_button button' value='RECEIVE YOUR FREE ESTIMATE'  onclick='if(window[\"gf_submitting_41\"]){return false;}  window[\"gf_submitting_41\"]=true;  ' onkeypress='if( event.keyCode == 13 ){ if(window[\"gf_submitting_41\"]){return false;} window[\"gf_submitting_41\"]=true;  jQuery(\"#gform_41\").trigger(\"submit\",[true]); }' \/> \n            <input type='hidden' class='gform_hidden' name='is_submit_41' value='1' \/>\n            <input type='hidden' class='gform_hidden' name='gform_submit' value='41' \/>\n            \n            <input type='hidden' class='gform_hidden' name='gform_unique_id' value='' \/>\n            <input type='hidden' class='gform_hidden' name='state_41' value='WyJbXSIsIjViNDJhMGM1NWZhZTZlNGVmYTUzMWU0NmQ2OWU5ZjU2Il0=' \/>\n            <input type='hidden' class='gform_hidden' name='gform_target_page_number_41' id='gform_target_page_number_41' value='0' \/>\n            <input type='hidden' class='gform_hidden' name='gform_source_page_number_41' id='gform_source_page_number_41' value='1' \/>\n            <input type='hidden' name='gform_field_values' value='' \/>\n            \n        <\/div>\n                        <\/form>\n                        <\/div>\n    <script>\n        jQuery( document ).ready(function() {\n        setTimeout(() => { Cookies.get(\"utm_source\") ? jQuery('#input_41_3').val(decodeURIComponent(Cookies.get(\"utm_source\") ?? '')) : '';\nCookies.get(\"utm_medium\") ? jQuery('#input_41_4').val(decodeURIComponent(Cookies.get(\"utm_medium\") ?? '')) : '';\nCookies.get(\"utm_content\") ? jQuery('#input_41_5').val(decodeURIComponent(Cookies.get(\"utm_content\") ?? '')) : '';\nCookies.get(\"utm_campaign\") ? jQuery('#input_41_6').val(decodeURIComponent(Cookies.get(\"utm_campaign\") ?? '')) : '';\n }, 1000);\n        })\n    <\/script>\n    [vc_accordions style=&#8221;simple-style&#8221; open_toggle=&#8221;-1&#8243; responsive=&#8221;false&#8221;][vc_accordion_tab title=&#8221;Frequently asked questions&#8221;][mk_padding_divider size=&#8221;20&#8243; visibility=&#8221;hidden-sm&#8221;][vc_toggle title=&#8221;Should the contractor for my garage floor hold licenses?&#8221; style=&#8221;round_outline&#8221;]Yes, specialized contractor must hold a contractor\u2019s license from the R\u00e9gie du B\u00e2timent du Qu\u00e9bec and liability insurance[\/vc_toggle][vc_toggle title=&#8221;What is the difference between epoxy and polyurea?&#8221; style=&#8221;round_outline&#8221;]The two products are excellent and have their own utility. You can check this comparative chart to enlighten you. Comparison Chart Epoxy, Polyurethane, Polyurea[\/vc_toggle][vc_toggle title=&#8221;Do I have to leave the house during the works?&#8221; style=&#8221;round_outline&#8221;]No, our process is odorless and without dust.[\/vc_toggle][vc_toggle title=&#8221;Does your teams can clear the garage?&#8221; style=&#8221;round_outline&#8221;]Yes, we offer the moves service of your furniture, equipment and appliances. However, we do not claim to be professional mover and weight must be limited to 250lbs, which corresponds to a standard refrigerator.[\/vc_toggle][vc_toggle title=&#8221;What is the functioning of leasing a warehouse container?&#8221; style=&#8221;round_outline&#8221;]The delivery of the warehouse container is done the date you want, then you can take the time to empty the contents of your garage in it before works. The standard period is 7 days, but you can keep it longer.[\/vc_toggle][\/vc_accordion_tab][\/vc_accordions][\/vc_column][vc_column width=&#8221;1\/6&#8243;][\/vc_column][\/vc_row][vc_row fullwidth=&#8221;true&#8221; css=&#8221;.vc_custom_1554249359793{padding-top: 12% !important;padding-bottom: 8% !important;background-image: url(https:\/\/www.betonsurface.ca\/wp-content\/uploads\/2019\/01\/bprotek_franchisee-banner3-1.jpg?id=14777) !important;background-position: center !important;background-repeat: no-repeat !important;background-size: cover !important;}&#8221;][vc_column][vc_row_inner][vc_column_inner width=&#8221;4\/12&#8243;][\/vc_column_inner][vc_column_inner width=&#8221;1\/12&#8243; offset=&#8221;vc_hidden-xs&#8221;][vc_column_text css=&#8221;.vc_custom_1548341883810{margin-bottom: 0px !important;}&#8221;]<img decoding=\"async\" loading=\"lazy\" class=\"typewriterb wp-image-14506 ctalogo aligncenter\" src=\"https:\/\/www.betonsurface.ca\/wp-content\/uploads\/2018\/10\/b-protek_b-icon.png\" alt=\"\" width=\"123\" height=\"123\" srcset=\"https:\/\/www.betonsurface.ca\/wp-content\/uploads\/2018\/10\/b-protek_b-icon.png 400w, https:\/\/www.betonsurface.ca\/wp-content\/uploads\/2018\/10\/b-protek_b-icon-246x246.png 246w, https:\/\/www.betonsurface.ca\/wp-content\/uploads\/2018\/10\/b-protek_b-icon-300x300.png 300w, https:\/\/www.betonsurface.ca\/wp-content\/uploads\/2018\/10\/b-protek_b-icon-100x100.png 100w, https:\/\/www.betonsurface.ca\/wp-content\/uploads\/2018\/10\/b-protek_b-icon-150x150.png 150w, https:\/\/www.betonsurface.ca\/wp-content\/uploads\/2018\/10\/b-protek_b-icon-1024x1024.png 1024w\" sizes=\"(max-width: 123px) 100vw, 123px\" \/>[\/vc_column_text][\/vc_column_inner][vc_column_inner width=&#8221;6\/12&#8243;][vc_column_text css=&#8221;.vc_custom_1553874362892{margin-bottom: 0px !important;padding-right: 5% !important;}&#8221;]<span style=\"font-size: 55px; font-weight: 600; color: #404040; font-family: canada-type-gibson, sans-serif; font-style: normal; line-height: 55px;\">When it comes to floor quality, we like to believe there is no ceiling.<\/span><\/p>\n<p><span style=\"font-weight: 600;\"><em>&#8220;They gave us a remarkable customer experience: courtesy, professionalism and a concern for our needs.&#8221;<\/em><\/span>[\/vc_column_text][\/vc_column_inner][\/vc_row_inner][\/vc_column][\/vc_row]\n<\/section>","protected":false},"excerpt":{"rendered":"<p>[vc_row fullwidth=&#8221;true&#8221; fullwidth_content=&#8221;false&#8221; css=&#8221;.vc_custom_1554249334459{padding-top: 13% !important;padding-bottom: 8% !important;}&#8221;][vc_column width=&#8221;1\/6&#8243;][\/vc_column][vc_column width=&#8221;2\/3&#8243;][vc_column_text align=&#8221;center&#8221; css=&#8221;.vc_custom_1645643425928{margin-bottom: 0px !important;}&#8221;] Budgetary Cost [\/vc_column_text][vc_accordions style=&#8221;simple-style&#8221; open_toggle=&#8221;-1&#8243; responsive=&#8221;false&#8221;][vc_accordion_tab title=&#8221;Frequently asked questions&#8221;][mk_padding_divider size=&#8221;20&#8243; visibility=&#8221;hidden-sm&#8221;][vc_toggle title=&#8221;Should the contractor for my garage floor hold licenses?&#8221; style=&#8221;round_outline&#8221;]Yes, specialized contractor must hold a contractor\u2019s license from the R\u00e9gie du B\u00e2timent du Qu\u00e9bec and liability insurance[\/vc_toggle][vc_toggle title=&#8221;What is the [&hellip;]<\/p>\n","protected":false},"author":1,"featured_media":0,"parent":15768,"menu_order":0,"comment_status":"closed","ping_status":"closed","template":"","meta":{"_mbp_gutenberg_autopost":false,"footnotes":""},"yoast_head":"<!-- This site is optimized with the Yoast SEO plugin v22.6 - https:\/\/yoast.com\/wordpress\/plugins\/seo\/ -->\n<title>Instant Quote | B\u00e9ton Surface<\/title>\n<meta name=\"robots\" content=\"index, follow, max-snippet:-1, max-image-preview:large, max-video-preview:-1\" \/>\n<link rel=\"canonical\" href=\"https:\/\/www.betonsurface.ca\/en\/contact\/instant-quote\/\" \/>\n<meta property=\"og:locale\" content=\"en_US\" \/>\n<meta property=\"og:type\" content=\"article\" \/>\n<meta property=\"og:title\" content=\"Instant Quote | B\u00e9ton Surface\" \/>\n<meta property=\"og:description\" content=\"[vc_row fullwidth=&#8221;true&#8221; fullwidth_content=&#8221;false&#8221; css=&#8221;.vc_custom_1554249334459{padding-top: 13% !important;padding-bottom: 8% !important;}&#8221;][vc_column width=&#8221;1\/6&#8243;][\/vc_column][vc_column width=&#8221;2\/3&#8243;][vc_column_text align=&#8221;center&#8221; css=&#8221;.vc_custom_1645643425928{margin-bottom: 0px !important;}&#8221;] Budgetary Cost [\/vc_column_text][vc_accordions style=&#8221;simple-style&#8221; open_toggle=&#8221;-1&#8243; responsive=&#8221;false&#8221;][vc_accordion_tab title=&#8221;Frequently asked questions&#8221;][mk_padding_divider size=&#8221;20&#8243; visibility=&#8221;hidden-sm&#8221;][vc_toggle title=&#8221;Should the contractor for my garage floor hold licenses?&#8221; style=&#8221;round_outline&#8221;]Yes, specialized contractor must hold a contractor\u2019s license from the R\u00e9gie du B\u00e2timent du Qu\u00e9bec and liability insurance[\/vc_toggle][vc_toggle title=&#8221;What is the [&hellip;]\" \/>\n<meta property=\"og:url\" content=\"https:\/\/www.betonsurface.ca\/en\/contact\/instant-quote\/\" \/>\n<meta property=\"og:site_name\" content=\"B\u00e9ton Surface\" \/>\n<meta property=\"article:modified_time\" content=\"2022-02-23T19:10:31+00:00\" \/>\n<meta property=\"og:image\" content=\"https:\/\/www.betonsurface.ca\/wp-content\/uploads\/2018\/10\/b-protek_b-icon.png\" \/>\n<meta name=\"twitter:card\" content=\"summary_large_image\" \/>\n<meta name=\"twitter:label1\" content=\"Est. reading time\" \/>\n\t<meta name=\"twitter:data1\" content=\"2 minutes\" \/>\n<script type=\"application\/ld+json\" class=\"yoast-schema-graph\">{\"@context\":\"https:\/\/schema.org\",\"@graph\":[{\"@type\":\"WebPage\",\"@id\":\"https:\/\/www.betonsurface.ca\/en\/contact\/instant-quote\/\",\"url\":\"https:\/\/www.betonsurface.ca\/en\/contact\/instant-quote\/\",\"name\":\"Instant Quote | B\u00e9ton Surface\",\"isPartOf\":{\"@id\":\"https:\/\/www.betonsurface.ca\/#website\"},\"primaryImageOfPage\":{\"@id\":\"https:\/\/www.betonsurface.ca\/en\/contact\/instant-quote\/#primaryimage\"},\"image\":{\"@id\":\"https:\/\/www.betonsurface.ca\/en\/contact\/instant-quote\/#primaryimage\"},\"thumbnailUrl\":\"https:\/\/www.betonsurface.ca\/wp-content\/uploads\/2018\/10\/b-protek_b-icon.png\",\"datePublished\":\"2019-03-29T15:46:52+00:00\",\"dateModified\":\"2022-02-23T19:10:31+00:00\",\"breadcrumb\":{\"@id\":\"https:\/\/www.betonsurface.ca\/en\/contact\/instant-quote\/#breadcrumb\"},\"inLanguage\":\"en-US\",\"potentialAction\":[{\"@type\":\"ReadAction\",\"target\":[\"https:\/\/www.betonsurface.ca\/en\/contact\/instant-quote\/\"]}]},{\"@type\":\"ImageObject\",\"inLanguage\":\"en-US\",\"@id\":\"https:\/\/www.betonsurface.ca\/en\/contact\/instant-quote\/#primaryimage\",\"url\":\"https:\/\/www.betonsurface.ca\/wp-content\/uploads\/2018\/10\/b-protek_b-icon.png\",\"contentUrl\":\"https:\/\/www.betonsurface.ca\/wp-content\/uploads\/2018\/10\/b-protek_b-icon.png\"},{\"@type\":\"BreadcrumbList\",\"@id\":\"https:\/\/www.betonsurface.ca\/en\/contact\/instant-quote\/#breadcrumb\",\"itemListElement\":[{\"@type\":\"ListItem\",\"position\":1,\"name\":\"Home\",\"item\":\"https:\/\/www.betonsurface.ca\/en\/\"},{\"@type\":\"ListItem\",\"position\":2,\"name\":\"Contact Us\",\"item\":\"https:\/\/www.betonsurface.ca\/en\/contact\/\"},{\"@type\":\"ListItem\",\"position\":3,\"name\":\"Instant Quote\"}]},{\"@type\":\"WebSite\",\"@id\":\"https:\/\/www.betonsurface.ca\/#website\",\"url\":\"https:\/\/www.betonsurface.ca\/\",\"name\":\"B\u00e9ton Surface\",\"description\":\"Plancher de garage\",\"publisher\":{\"@id\":\"https:\/\/www.betonsurface.ca\/#organization\"},\"potentialAction\":[{\"@type\":\"SearchAction\",\"target\":{\"@type\":\"EntryPoint\",\"urlTemplate\":\"https:\/\/www.betonsurface.ca\/?s={search_term_string}\"},\"query-input\":\"required name=search_term_string\"}],\"inLanguage\":\"en-US\"},{\"@type\":\"Organization\",\"@id\":\"https:\/\/www.betonsurface.ca\/#organization\",\"name\":\"B\u00e9ton Surface\",\"url\":\"https:\/\/www.betonsurface.ca\/\",\"logo\":{\"@type\":\"ImageObject\",\"inLanguage\":\"en-US\",\"@id\":\"https:\/\/www.betonsurface.ca\/#\/schema\/logo\/image\/\",\"url\":\"https:\/\/www.betonsurface.ca\/wp-content\/uploads\/2018\/10\/b-protek_b-icon.png\",\"contentUrl\":\"https:\/\/www.betonsurface.ca\/wp-content\/uploads\/2018\/10\/b-protek_b-icon.png\",\"width\":400,\"height\":400,\"caption\":\"B\u00e9ton Surface\"},\"image\":{\"@id\":\"https:\/\/www.betonsurface.ca\/#\/schema\/logo\/image\/\"}}]}<\/script>\n<!-- \/ Yoast SEO plugin. -->","yoast_head_json":{"title":"Instant Quote | B\u00e9ton Surface","robots":{"index":"index","follow":"follow","max-snippet":"max-snippet:-1","max-image-preview":"max-image-preview:large","max-video-preview":"max-video-preview:-1"},"canonical":"https:\/\/www.betonsurface.ca\/en\/contact\/instant-quote\/","og_locale":"en_US","og_type":"article","og_title":"Instant Quote | B\u00e9ton Surface","og_description":"[vc_row fullwidth=&#8221;true&#8221; fullwidth_content=&#8221;false&#8221; css=&#8221;.vc_custom_1554249334459{padding-top: 13% !important;padding-bottom: 8% !important;}&#8221;][vc_column width=&#8221;1\/6&#8243;][\/vc_column][vc_column width=&#8221;2\/3&#8243;][vc_column_text align=&#8221;center&#8221; css=&#8221;.vc_custom_1645643425928{margin-bottom: 0px !important;}&#8221;] Budgetary Cost [\/vc_column_text][vc_accordions style=&#8221;simple-style&#8221; open_toggle=&#8221;-1&#8243; responsive=&#8221;false&#8221;][vc_accordion_tab title=&#8221;Frequently asked questions&#8221;][mk_padding_divider size=&#8221;20&#8243; visibility=&#8221;hidden-sm&#8221;][vc_toggle title=&#8221;Should the contractor for my garage floor hold licenses?&#8221; style=&#8221;round_outline&#8221;]Yes, specialized contractor must hold a contractor\u2019s license from the R\u00e9gie du B\u00e2timent du Qu\u00e9bec and liability insurance[\/vc_toggle][vc_toggle title=&#8221;What is the [&hellip;]","og_url":"https:\/\/www.betonsurface.ca\/en\/contact\/instant-quote\/","og_site_name":"B\u00e9ton Surface","article_modified_time":"2022-02-23T19:10:31+00:00","og_image":[{"url":"https:\/\/www.betonsurface.ca\/wp-content\/uploads\/2018\/10\/b-protek_b-icon.png"}],"twitter_card":"summary_large_image","twitter_misc":{"Est. reading time":"2 minutes"},"schema":{"@context":"https:\/\/schema.org","@graph":[{"@type":"WebPage","@id":"https:\/\/www.betonsurface.ca\/en\/contact\/instant-quote\/","url":"https:\/\/www.betonsurface.ca\/en\/contact\/instant-quote\/","name":"Instant Quote | B\u00e9ton Surface","isPartOf":{"@id":"https:\/\/www.betonsurface.ca\/#website"},"primaryImageOfPage":{"@id":"https:\/\/www.betonsurface.ca\/en\/contact\/instant-quote\/#primaryimage"},"image":{"@id":"https:\/\/www.betonsurface.ca\/en\/contact\/instant-quote\/#primaryimage"},"thumbnailUrl":"https:\/\/www.betonsurface.ca\/wp-content\/uploads\/2018\/10\/b-protek_b-icon.png","datePublished":"2019-03-29T15:46:52+00:00","dateModified":"2022-02-23T19:10:31+00:00","breadcrumb":{"@id":"https:\/\/www.betonsurface.ca\/en\/contact\/instant-quote\/#breadcrumb"},"inLanguage":"en-US","potentialAction":[{"@type":"ReadAction","target":["https:\/\/www.betonsurface.ca\/en\/contact\/instant-quote\/"]}]},{"@type":"ImageObject","inLanguage":"en-US","@id":"https:\/\/www.betonsurface.ca\/en\/contact\/instant-quote\/#primaryimage","url":"https:\/\/www.betonsurface.ca\/wp-content\/uploads\/2018\/10\/b-protek_b-icon.png","contentUrl":"https:\/\/www.betonsurface.ca\/wp-content\/uploads\/2018\/10\/b-protek_b-icon.png"},{"@type":"BreadcrumbList","@id":"https:\/\/www.betonsurface.ca\/en\/contact\/instant-quote\/#breadcrumb","itemListElement":[{"@type":"ListItem","position":1,"name":"Home","item":"https:\/\/www.betonsurface.ca\/en\/"},{"@type":"ListItem","position":2,"name":"Contact Us","item":"https:\/\/www.betonsurface.ca\/en\/contact\/"},{"@type":"ListItem","position":3,"name":"Instant Quote"}]},{"@type":"WebSite","@id":"https:\/\/www.betonsurface.ca\/#website","url":"https:\/\/www.betonsurface.ca\/","name":"B\u00e9ton Surface","description":"Plancher de garage","publisher":{"@id":"https:\/\/www.betonsurface.ca\/#organization"},"potentialAction":[{"@type":"SearchAction","target":{"@type":"EntryPoint","urlTemplate":"https:\/\/www.betonsurface.ca\/?s={search_term_string}"},"query-input":"required name=search_term_string"}],"inLanguage":"en-US"},{"@type":"Organization","@id":"https:\/\/www.betonsurface.ca\/#organization","name":"B\u00e9ton Surface","url":"https:\/\/www.betonsurface.ca\/","logo":{"@type":"ImageObject","inLanguage":"en-US","@id":"https:\/\/www.betonsurface.ca\/#\/schema\/logo\/image\/","url":"https:\/\/www.betonsurface.ca\/wp-content\/uploads\/2018\/10\/b-protek_b-icon.png","contentUrl":"https:\/\/www.betonsurface.ca\/wp-content\/uploads\/2018\/10\/b-protek_b-icon.png","width":400,"height":400,"caption":"B\u00e9ton Surface"},"image":{"@id":"https:\/\/www.betonsurface.ca\/#\/schema\/logo\/image\/"}}]}},"_links":{"self":[{"href":"https:\/\/www.betonsurface.ca\/en\/wp-json\/wp\/v2\/pages\/15749"}],"collection":[{"href":"https:\/\/www.betonsurface.ca\/en\/wp-json\/wp\/v2\/pages"}],"about":[{"href":"https:\/\/www.betonsurface.ca\/en\/wp-json\/wp\/v2\/types\/page"}],"author":[{"embeddable":true,"href":"https:\/\/www.betonsurface.ca\/en\/wp-json\/wp\/v2\/users\/1"}],"replies":[{"embeddable":true,"href":"https:\/\/www.betonsurface.ca\/en\/wp-json\/wp\/v2\/comments?post=15749"}],"version-history":[{"count":4,"href":"https:\/\/www.betonsurface.ca\/en\/wp-json\/wp\/v2\/pages\/15749\/revisions"}],"predecessor-version":[{"id":19703,"href":"https:\/\/www.betonsurface.ca\/en\/wp-json\/wp\/v2\/pages\/15749\/revisions\/19703"}],"up":[{"embeddable":true,"href":"https:\/\/www.betonsurface.ca\/en\/wp-json\/wp\/v2\/pages\/15768"}],"wp:attachment":[{"href":"https:\/\/www.betonsurface.ca\/en\/wp-json\/wp\/v2\/media?parent=15749"}],"curies":[{"name":"wp","href":"https:\/\/api.w.org\/{rel}","templated":true}]}}