{"id":18288,"date":"2020-09-15T12:35:13","date_gmt":"2020-09-15T16:35:13","guid":{"rendered":"https:\/\/www.betonsurface.ca\/?page_id=18288"},"modified":"2020-09-15T12:35:20","modified_gmt":"2020-09-15T16:35:20","slug":"epoxy-flooring-in-laval","status":"publish","type":"page","link":"https:\/\/www.betonsurface.ca\/en\/epoxy-flooring-in-laval\/","title":{"rendered":"Epoxy Flooring in Laval"},"content":{"rendered":"<section class=\"wpb-content-wrapper\">[vc_row fullwidth=&#8221;true&#8221; fullwidth_content=&#8221;false&#8221; visibility=&#8221;hidden-sm&#8221; css=&#8221;.vc_custom_1553283491235{padding-top: 20% !important;background-image: url(https:\/\/www.betonsurface.ca\/wp-content\/uploads\/2018\/11\/b-protek_banners_-9.jpg?id=641) !important;background-position: center !important;background-repeat: no-repeat !important;background-size: cover !important;}&#8221;][vc_column][vc_row_inner][vc_column_inner][\/vc_column_inner][\/vc_row_inner][\/vc_column][\/vc_row][vc_row fullwidth=&#8221;true&#8221; fullwidth_content=&#8221;false&#8221; visibility=&#8221;visible-sm&#8221; css=&#8221;.vc_custom_1553283510761{padding-top: 40% !important;background-image: url(https:\/\/www.betonsurface.ca\/wp-content\/uploads\/2018\/11\/b-protek_banners_-9.jpg?id=641) !important;background-position: center !important;background-repeat: no-repeat !important;background-size: cover !important;}&#8221;][vc_column][vc_row_inner][vc_column_inner][\/vc_column_inner][\/vc_row_inner][\/vc_column][\/vc_row][vc_row fullwidth=&#8221;true&#8221; fullwidth_content=&#8221;false&#8221; css=&#8221;.vc_custom_1553283688329{margin-top: -15% !important;padding-top: 5% !important;padding-left: 12% !important;}&#8221; id=&#8221;mobile-left-city&#8221;][vc_column][vc_row_inner][vc_column_inner][vc_column_text css=&#8221;.vc_custom_1595874291018{margin-bottom: 0px !important;}&#8221;]\n<h1><span style=\"color: #ffffff; font-size: 38px!important;\"><span class=\"h1thin\">EPOXY FLOORING<\/span> <span class=\"h1thick\">IN\u00a0 LAVAL<\/span><\/span><\/h1>\n[\/vc_column_text][mk_padding_divider size=&#8221;22&#8243; visibility=&#8221;visible-sm&#8221;][mk_button dimension=&#8221;flat&#8221; corner_style=&#8221;rounded&#8221; size=&#8221;medium&#8221; url=&#8221;\/contact\/&#8221; bg_color=&#8221;#2c2c2b&#8221; btn_hover_bg=&#8221;#000000&#8243; btn_hover_txt_color=&#8221;#ffffff&#8221;]CONTACT US[\/mk_button][mk_button dimension=&#8221;flat&#8221; corner_style=&#8221;rounded&#8221; size=&#8221;medium&#8221; url=&#8221;\/contact\/prix-instantane\/&#8221; bg_color=&#8221;#65b32e&#8221; btn_hover_bg=&#8221;#000000&#8243; btn_hover_txt_color=&#8221;#ffffff&#8221;]GET AN INSTANT PRICE[\/mk_button][\/vc_column_inner][\/vc_row_inner][\/vc_column][\/vc_row][vc_row fullwidth=&#8221;true&#8221; fullwidth_content=&#8221;false&#8221; column_padding=&#8221;4&#8243; css=&#8221;.vc_custom_1553215317459{padding-top: 5% !important;}&#8221;][vc_column][vc_row_inner][vc_column_inner][vc_column_text css=&#8221;.vc_custom_1595874605348{margin-bottom: 0px !important;}&#8221;]Are you a Laval resident looking for the perfect flooring for your home or business? You&#8217;ve probably heard of <strong>epoxy, a stylish and indestructible surface covering<\/strong>. It is the material of choice for any type of flooring. Want to know more about this type of surface? Discover its advantages and specificities with B\u00e9ton surface.<\/p>\n<h2><strong>Why choose epoxy for your floor covering?<\/strong><\/h2>\n<p>Composed of a resin and a hardener, epoxy may be the best solution for those who demand <strong>resistance and durability<\/strong>. This great solidity allows it to keep a frequently used floor in good condition long enough. It is super-good at withstanding oil stains and industrial, chemical or corrosive products.<\/p>\n<p>Moreover, epoxy floor coverings are <strong>very easy to clean and maintain<\/strong> thanks to their incredibly smooth and waterproof properties. In the same way, they offer a <strong>modern and aesthetic rendering<\/strong> to your interior decoration. Tastes and preferences? You don&#8217;t have to worry, epoxy floors are <strong>highly customizable<\/strong> thanks to their availability in different colors, effects and patterns.[\/vc_column_text][\/vc_column_inner][\/vc_row_inner][\/vc_column][\/vc_row][vc_row fullwidth=&#8221;true&#8221; fullwidth_content=&#8221;false&#8221; css=&#8221;.vc_custom_1553214936479{padding-bottom: 5% !important;}&#8221;][vc_column width=&#8221;1\/2&#8243;][vc_column_text css=&#8221;.vc_custom_1595012222688{margin-bottom: 0px !important;}&#8221;]<iframe loading=\"lazy\" style=\"border: 0;\" tabindex=\"0\" src=\"https:\/\/www.google.com\/maps\/embed?pb=!1m18!1m12!1m3!1d175088.22152092273!2d-71.39518792004377!3d46.71059853254949!2m3!1f0!2f0!3f0!3m2!1i1024!2i768!4f13.1!3m3!1m2!1s0x4cb8952264545291%3A0x5040cadae4d2640!2zTMOpdmlzLCBRQw!5e0!3m2!1sfr!2sca!4v1595012213584!5m2!1sfr!2sca\" width=\"600\" height=\"450\" frameborder=\"0\" allowfullscreen=\"allowfullscreen\" aria-hidden=\"false\"><\/iframe>[\/vc_column_text][\/vc_column][vc_column width=&#8221;1\/2&#8243;][vc_column_text css=&#8221;.vc_custom_1595874423140{margin-bottom: 0px !important;}&#8221;]\n<h2><strong>For which types of buildings should epoxy be installed?<\/strong><\/h2>\n<p>As mentioned above, epoxy floors can be installed on any type of surface, regardless of the purpose of your building. However, epoxy finds its full effectiveness in home interiors. Exterior floor coverings need a floor that looks much more classic and can handle heavy weights.<\/p>\n<ul>\n<li style=\"font-weight: 400;\"><a href=\"https:\/\/www.betonsurface.ca\/laval\/\" target=\"_blank\" rel=\"noopener noreferrer\"><b>For residential buildings<\/b><\/a><span style=\"font-weight: 400;\">: basement, kitchen and bathrooms&#8230;<\/span><\/li>\n<li style=\"font-weight: 400;\"><b>For institutional buildings<\/b><span style=\"font-weight: 400;\">: schools, daycares, hospitals, clinics, offices and waiting rooms&#8230;<\/span><\/li>\n<li style=\"font-weight: 400;\"><a href=\"https:\/\/www.betonsurface.ca\/plancher-commercial-a-laval\/\" target=\"_blank\" rel=\"noopener noreferrer\"><b>For commercial buildings<\/b><\/a><span style=\"font-weight: 400;\">: stores, restaurants, nightclubs, retail stores&#8230;<\/span><\/li>\n<li style=\"font-weight: 400;\"><b>For industrial buildings<\/b><span style=\"font-weight: 400;\">: factories, warehouses and laboratories&#8230;<\/span><\/li>\n<\/ul>\n[\/vc_column_text][mk_padding_divider size=&#8221;10&#8243;][mk_button dimension=&#8221;flat&#8221; corner_style=&#8221;rounded&#8221; size=&#8221;medium&#8221; url=&#8221;\/contact\/&#8221; bg_color=&#8221;#2c2c2b&#8221; btn_hover_bg=&#8221;#000000&#8243; btn_hover_txt_color=&#8221;#ffffff&#8221;]CONTACT US[\/mk_button][mk_button dimension=&#8221;flat&#8221; corner_style=&#8221;rounded&#8221; size=&#8221;medium&#8221; url=&#8221;\/contact\/prix-instantane\/&#8221; bg_color=&#8221;#65b32e&#8221; btn_hover_bg=&#8221;#000000&#8243; btn_hover_txt_color=&#8221;#ffffff&#8221;]GET AN INSTANT PRICE[\/mk_button][\/vc_column][\/vc_row][vc_row fullwidth=&#8221;true&#8221; css=&#8221;.vc_custom_1550556239318{padding-top: 20% !important;padding-bottom: 5% !important;background-image: url(https:\/\/www.betonsurface.ca\/wp-content\/uploads\/2018\/11\/b-protek_banners_-19.jpg?id=731) !important;background-position: center !important;background-repeat: no-repeat !important;background-size: cover !important;}&#8221;][vc_column][vc_row_inner is_fullwidth_content=&#8221;false&#8221;][vc_column_inner][vc_column_text css=&#8221;.vc_custom_1550556273298{margin-bottom: 0px !important;padding-bottom: 0px !important;}&#8221;]\n<p style=\"color: #ffffff; margin-bottom: 0px!important;\">Polyurea Design by Beton Surface<\/p>\n[\/vc_column_text][vc_column_text css=&#8221;.vc_custom_1550556452186{margin-top: 0px !important;margin-bottom: 0px !important;border-bottom-width: 0px !important;padding-top: 0px !important;}&#8221;]\n<h2 style=\"color: #ffffff;\">The best floor covering<\/h2>\n[\/vc_column_text][vc_column_text css=&#8221;.vc_custom_1553215011361{margin-bottom: 0px !important;padding-top: 1% !important;}&#8221;]<a href=\"https:\/\/www.youtube.com\/watch?v=N3pRBi5vFLE\" rel=\"lightbox\"><img decoding=\"async\" loading=\"lazy\" class=\"alignnone wp-image-64\" src=\"https:\/\/www.betonsurface.ca\/wp-content\/uploads\/2018\/09\/video.png\" alt=\"\" width=\"62\" height=\"50\" \/><\/a>\u00a0\u00a0<a style=\"color: #ffffff; font-weight: 600;\" href=\"https:\/\/www.youtube.com\/watch?v=N3pRBi5vFLE\" rel=\"lightbox\">See by yourself!<\/a>[\/vc_column_text][\/vc_column_inner][\/vc_row_inner][\/vc_column][\/vc_row][vc_row fullwidth=&#8221;true&#8221; fullwidth_content=&#8221;false&#8221; css=&#8221;.vc_custom_1553215517749{padding-top: 7% !important;}&#8221;][vc_column][vc_row_inner][vc_column_inner][vc_column_text css=&#8221;.vc_custom_1595874456811{margin-bottom: 0px !important;}&#8221;]\n<h2>Why choose B\u00e9ton Surface?<\/h2>\n<p>Beton Surface is a company specialized in floor coverings that has been in business for more than 10 years now. Our excellent reputation in this field is forged through the <strong>quality of service<\/strong> we offer to our customers. Our objective is simple: <strong>to provide work that meets your expectations<\/strong>.<\/p>\n<p>To do so, we have grouped together <strong>expert technicians<\/strong> to meet your needs. Polite and passionate about their work, they are trained to serve you and to share their knowledge with you.<\/p>\n<p>Rest assured, the <strong>professionalism<\/strong> of the installation of your epoxy floors is in the air: we take care of your requirements while respecting the rules of art. Our work methods are approved by the R\u00e9gie du B\u00e2timent de Qu\u00e9bec, which has granted us <strong>a license<\/strong>. In short, we have the necessary experience, tools and products to do a flawless job. Whatever the situation of your floor, it is highly likely that our team has already encountered a similar case.<\/p>\n<p>Therefore, entrust us with your floor covering projects, B\u00e9ton Surface is always ready to take up the challenge. We only use top-quality, high-performance products. In addition, if you are hesitating about your decisions, our flooring experts will be pleased to advise you in the choice of color appropriate to your interior design.<\/p>\n<p>Contact our team now for more information! Our epoxy floors are guaranteed for a period of 5 years.[\/vc_column_text][\/vc_column_inner][\/vc_row_inner][\/vc_column][\/vc_row][vc_row fullwidth=&#8221;true&#8221; fullwidth_content=&#8221;false&#8221; css=&#8221;.vc_custom_1550560370519{padding-top: 2% !important;padding-bottom: 5% !important;}&#8221;][vc_column][vc_row_inner][vc_column_inner][mk_button dimension=&#8221;flat&#8221; corner_style=&#8221;rounded&#8221; size=&#8221;medium&#8221; url=&#8221;\/contact\/&#8221; bg_color=&#8221;#2c2c2b&#8221; btn_hover_bg=&#8221;#000000&#8243; btn_hover_txt_color=&#8221;#ffffff&#8221;]CONTACT US[\/mk_button][mk_button dimension=&#8221;flat&#8221; corner_style=&#8221;rounded&#8221; size=&#8221;medium&#8221; url=&#8221;\/contact\/prix-instantane\/&#8221; bg_color=&#8221;#65b32e&#8221; btn_hover_bg=&#8221;#000000&#8243; btn_hover_txt_color=&#8221;#ffffff&#8221;]GET AN INSTANT PRICING[\/mk_button][\/vc_column_inner][\/vc_row_inner][\/vc_column][\/vc_row][vc_row fullwidth=&#8221;true&#8221; fullwidth_content=&#8221;false&#8221; css=&#8221;.vc_custom_1553215458756{border-top-width: 1px !important;padding-top: 5% !important;padding-bottom: 5% !important;border-top-color: #cccccc !important;border-top-style: solid !important;}&#8221; el_class=&#8221;graytab&#8221;][vc_column][vc_row_inner][vc_column_inner][mk_padding_divider size=&#8221;30&#8243; visibility=&#8221;visible-sm&#8221;][vc_column_text css=&#8221;.vc_custom_1553118122940{margin-bottom: 0px !important;}&#8221;]\n<h3>Book your free consultation right now!<\/h3>\n[\/vc_column_text][\/vc_column_inner][\/vc_row_inner][\/vc_column][\/vc_row][vc_row fullwidth=&#8221;true&#8221; fullwidth_content=&#8221;false&#8221; css=&#8221;.vc_custom_1542287249814{padding-top: 5% !important;padding-bottom: 5% !important;background-color: #f2f2f2 !important;}&#8221;][vc_column][vc_row_inner][vc_column_inner][vc_column_text css=&#8221;.vc_custom_1553186345187{margin-bottom: 0px !important;padding-bottom: 0px !important;}&#8221;]\n<p style=\"color: #404040; font-weight: bold;\">LOOK INTO SOME OF OUR LATEST PROJECTS:<\/p>\n[\/vc_column_text][mk_gallery images=&#8221;79,286,83,81&#8243; column=&#8221;4&#8243; image_size=&#8221;full&#8221; hover_scenarios=&#8221;none&#8221;][vc_column_text align=&#8221;right&#8221; css=&#8221;.vc_custom_1553215120213{margin-bottom: 0px !important;padding-bottom: 0px !important;}&#8221;]\n<p style=\"color: #65b32e!important; font-weight: bold; margin-bottom: 0px;\"><a href=\"https:\/\/www.betonsurface.ca\/en\/gallery\/\">SEE WHOLE GALLERY<\/a><\/p>\n[\/vc_column_text][\/vc_column_inner][\/vc_row_inner][\/vc_column][\/vc_row][vc_row fullwidth=&#8221;true&#8221; css=&#8221;.vc_custom_1548342081977{padding-top: 12% !important;padding-bottom: 8% !important;background-image: url(https:\/\/www.betonsurface.ca\/wp-content\/uploads\/2018\/11\/bprotek_franchisee-banner8-1.jpg?id=798) !important;background-position: center !important;background-repeat: no-repeat !important;background-size: cover !important;}&#8221;][vc_column][vc_row_inner][vc_column_inner width=&#8221;4\/12&#8243;][\/vc_column_inner][vc_column_inner width=&#8221;1\/12&#8243; offset=&#8221;vc_hidden-xs&#8221;][vc_column_text css=&#8221;.vc_custom_1548341883810{margin-bottom: 0px !important;}&#8221;]<img decoding=\"async\" loading=\"lazy\" class=\"typewriterb wp-image-178 ctalogo aligncenter\" src=\"https:\/\/www.betonsurface.ca\/wp-content\/uploads\/2018\/10\/b-protek_b-icon.png\" alt=\"\" width=\"123\" height=\"123\" srcset=\"https:\/\/www.betonsurface.ca\/wp-content\/uploads\/2018\/10\/b-protek_b-icon.png 400w, https:\/\/www.betonsurface.ca\/wp-content\/uploads\/2018\/10\/b-protek_b-icon-246x246.png 246w, https:\/\/www.betonsurface.ca\/wp-content\/uploads\/2018\/10\/b-protek_b-icon-300x300.png 300w, https:\/\/www.betonsurface.ca\/wp-content\/uploads\/2018\/10\/b-protek_b-icon-100x100.png 100w, https:\/\/www.betonsurface.ca\/wp-content\/uploads\/2018\/10\/b-protek_b-icon-150x150.png 150w, https:\/\/www.betonsurface.ca\/wp-content\/uploads\/2018\/10\/b-protek_b-icon-1024x1024.png 1024w\" sizes=\"(max-width: 123px) 100vw, 123px\" \/>[\/vc_column_text][\/vc_column_inner][vc_column_inner width=&#8221;6\/12&#8243;][vc_column_text css=&#8221;.vc_custom_1553188613790{margin-bottom: 0px !important;padding-right: 5% !important;}&#8221;]<span style=\"font-size: 55px; font-weight: 600; color: #404040; font-family: canada-type-gibson, sans-serif; font-style: normal; line-height: 55px;\">When it comes to floor quality, we like to believe there is no ceiling.<\/span><\/p>\n<p><span style=\"font-weight: 600;\"><em>\u201cThey gave us a remarkable customer experience: courtesy, professionalism and a job very well done.\u201d<\/em><\/span>[\/vc_column_text][\/vc_column_inner][\/vc_row_inner][\/vc_column][\/vc_row]\n<\/section>","protected":false},"excerpt":{"rendered":"<p>[vc_row fullwidth=&#8221;true&#8221; fullwidth_content=&#8221;false&#8221; visibility=&#8221;hidden-sm&#8221; css=&#8221;.vc_custom_1553283491235{padding-top: 20% !important;background-image: url(https:\/\/www.betonsurface.ca\/wp-content\/uploads\/2018\/11\/b-protek_banners_-9.jpg?id=641) !important;background-position: center !important;background-repeat: no-repeat !important;background-size: cover !important;}&#8221;][vc_column][vc_row_inner][vc_column_inner][\/vc_column_inner][\/vc_row_inner][\/vc_column][\/vc_row][vc_row fullwidth=&#8221;true&#8221; fullwidth_content=&#8221;false&#8221; visibility=&#8221;visible-sm&#8221; css=&#8221;.vc_custom_1553283510761{padding-top: 40% !important;background-image: url(https:\/\/www.betonsurface.ca\/wp-content\/uploads\/2018\/11\/b-protek_banners_-9.jpg?id=641) !important;background-position: center !important;background-repeat: no-repeat !important;background-size: cover !important;}&#8221;][vc_column][vc_row_inner][vc_column_inner][\/vc_column_inner][\/vc_row_inner][\/vc_column][\/vc_row][vc_row fullwidth=&#8221;true&#8221; fullwidth_content=&#8221;false&#8221; css=&#8221;.vc_custom_1553283688329{margin-top: -15% !important;padding-top: 5% !important;padding-left: 12% !important;}&#8221; id=&#8221;mobile-left-city&#8221;][vc_column][vc_row_inner][vc_column_inner][vc_column_text css=&#8221;.vc_custom_1595874291018{margin-bottom: 0px !important;}&#8221;] EPOXY FLOORING IN\u00a0 LAVAL [\/vc_column_text][mk_padding_divider size=&#8221;22&#8243; visibility=&#8221;visible-sm&#8221;][mk_button dimension=&#8221;flat&#8221; corner_style=&#8221;rounded&#8221; size=&#8221;medium&#8221; url=&#8221;\/contact\/&#8221; bg_color=&#8221;#2c2c2b&#8221; btn_hover_bg=&#8221;#000000&#8243; [&hellip;]<\/p>\n","protected":false},"author":1,"featured_media":0,"parent":0,"menu_order":0,"comment_status":"closed","ping_status":"closed","template":"","meta":{"_mbp_gutenberg_autopost":false,"footnotes":""},"yoast_head":"<!-- This site is optimized with the Yoast SEO plugin v22.6 - https:\/\/yoast.com\/wordpress\/plugins\/seo\/ -->\n<title>Epoxy Flooring in Laval | Our services - B\u00e9ton Surface<\/title>\n<meta name=\"description\" content=\"Are you looking for a epoxy flooring professionnal in Laval? You found us! Beton Surface is your perfect solution. Get a quote today!\" \/>\n<meta name=\"robots\" content=\"index, follow, max-snippet:-1, max-image-preview:large, max-video-preview:-1\" \/>\n<link rel=\"canonical\" href=\"https:\/\/www.betonsurface.ca\/en\/epoxy-flooring-in-laval\/\" \/>\n<meta property=\"og:locale\" content=\"en_US\" \/>\n<meta property=\"og:type\" content=\"article\" \/>\n<meta property=\"og:title\" content=\"Epoxy Flooring in Laval | Our services - B\u00e9ton Surface\" \/>\n<meta property=\"og:description\" content=\"Are you looking for a epoxy flooring professionnal in Laval? You found us! Beton Surface is your perfect solution. Get a quote today!\" \/>\n<meta property=\"og:url\" content=\"https:\/\/www.betonsurface.ca\/en\/epoxy-flooring-in-laval\/\" \/>\n<meta property=\"og:site_name\" content=\"B\u00e9ton Surface\" \/>\n<meta property=\"article:modified_time\" content=\"2020-09-15T16:35:20+00:00\" \/>\n<meta property=\"og:image\" content=\"https:\/\/www.betonsurface.ca\/wp-content\/uploads\/2018\/09\/video.png\" \/>\n<meta name=\"twitter:card\" content=\"summary_large_image\" \/>\n<meta name=\"twitter:label1\" content=\"Est. reading time\" \/>\n\t<meta name=\"twitter:data1\" content=\"7 minutes\" \/>\n<script type=\"application\/ld+json\" class=\"yoast-schema-graph\">{\"@context\":\"https:\/\/schema.org\",\"@graph\":[{\"@type\":\"WebPage\",\"@id\":\"https:\/\/www.betonsurface.ca\/en\/epoxy-flooring-in-laval\/\",\"url\":\"https:\/\/www.betonsurface.ca\/en\/epoxy-flooring-in-laval\/\",\"name\":\"Epoxy Flooring in Laval | Our services - B\u00e9ton Surface\",\"isPartOf\":{\"@id\":\"https:\/\/www.betonsurface.ca\/#website\"},\"primaryImageOfPage\":{\"@id\":\"https:\/\/www.betonsurface.ca\/en\/epoxy-flooring-in-laval\/#primaryimage\"},\"image\":{\"@id\":\"https:\/\/www.betonsurface.ca\/en\/epoxy-flooring-in-laval\/#primaryimage\"},\"thumbnailUrl\":\"https:\/\/www.betonsurface.ca\/wp-content\/uploads\/2018\/09\/video.png\",\"datePublished\":\"2020-09-15T16:35:13+00:00\",\"dateModified\":\"2020-09-15T16:35:20+00:00\",\"description\":\"Are you looking for a epoxy flooring professionnal in Laval? You found us! Beton Surface is your perfect solution. Get a quote today!\",\"breadcrumb\":{\"@id\":\"https:\/\/www.betonsurface.ca\/en\/epoxy-flooring-in-laval\/#breadcrumb\"},\"inLanguage\":\"en-US\",\"potentialAction\":[{\"@type\":\"ReadAction\",\"target\":[\"https:\/\/www.betonsurface.ca\/en\/epoxy-flooring-in-laval\/\"]}]},{\"@type\":\"ImageObject\",\"inLanguage\":\"en-US\",\"@id\":\"https:\/\/www.betonsurface.ca\/en\/epoxy-flooring-in-laval\/#primaryimage\",\"url\":\"https:\/\/www.betonsurface.ca\/wp-content\/uploads\/2018\/09\/video.png\",\"contentUrl\":\"https:\/\/www.betonsurface.ca\/wp-content\/uploads\/2018\/09\/video.png\"},{\"@type\":\"BreadcrumbList\",\"@id\":\"https:\/\/www.betonsurface.ca\/en\/epoxy-flooring-in-laval\/#breadcrumb\",\"itemListElement\":[{\"@type\":\"ListItem\",\"position\":1,\"name\":\"Home\",\"item\":\"https:\/\/www.betonsurface.ca\/en\/\"},{\"@type\":\"ListItem\",\"position\":2,\"name\":\"Epoxy Flooring in Laval\"}]},{\"@type\":\"WebSite\",\"@id\":\"https:\/\/www.betonsurface.ca\/#website\",\"url\":\"https:\/\/www.betonsurface.ca\/\",\"name\":\"B\u00e9ton Surface\",\"description\":\"Plancher de garage\",\"publisher\":{\"@id\":\"https:\/\/www.betonsurface.ca\/#organization\"},\"potentialAction\":[{\"@type\":\"SearchAction\",\"target\":{\"@type\":\"EntryPoint\",\"urlTemplate\":\"https:\/\/www.betonsurface.ca\/?s={search_term_string}\"},\"query-input\":\"required name=search_term_string\"}],\"inLanguage\":\"en-US\"},{\"@type\":\"Organization\",\"@id\":\"https:\/\/www.betonsurface.ca\/#organization\",\"name\":\"B\u00e9ton Surface\",\"url\":\"https:\/\/www.betonsurface.ca\/\",\"logo\":{\"@type\":\"ImageObject\",\"inLanguage\":\"en-US\",\"@id\":\"https:\/\/www.betonsurface.ca\/#\/schema\/logo\/image\/\",\"url\":\"https:\/\/www.betonsurface.ca\/wp-content\/uploads\/2018\/10\/b-protek_b-icon.png\",\"contentUrl\":\"https:\/\/www.betonsurface.ca\/wp-content\/uploads\/2018\/10\/b-protek_b-icon.png\",\"width\":400,\"height\":400,\"caption\":\"B\u00e9ton Surface\"},\"image\":{\"@id\":\"https:\/\/www.betonsurface.ca\/#\/schema\/logo\/image\/\"}}]}<\/script>\n<!-- \/ Yoast SEO plugin. -->","yoast_head_json":{"title":"Epoxy Flooring in Laval | Our services - B\u00e9ton Surface","description":"Are you looking for a epoxy flooring professionnal in Laval? You found us! Beton Surface is your perfect solution. Get a quote today!","robots":{"index":"index","follow":"follow","max-snippet":"max-snippet:-1","max-image-preview":"max-image-preview:large","max-video-preview":"max-video-preview:-1"},"canonical":"https:\/\/www.betonsurface.ca\/en\/epoxy-flooring-in-laval\/","og_locale":"en_US","og_type":"article","og_title":"Epoxy Flooring in Laval | Our services - B\u00e9ton Surface","og_description":"Are you looking for a epoxy flooring professionnal in Laval? You found us! Beton Surface is your perfect solution. Get a quote today!","og_url":"https:\/\/www.betonsurface.ca\/en\/epoxy-flooring-in-laval\/","og_site_name":"B\u00e9ton Surface","article_modified_time":"2020-09-15T16:35:20+00:00","og_image":[{"url":"https:\/\/www.betonsurface.ca\/wp-content\/uploads\/2018\/09\/video.png"}],"twitter_card":"summary_large_image","twitter_misc":{"Est. reading time":"7 minutes"},"schema":{"@context":"https:\/\/schema.org","@graph":[{"@type":"WebPage","@id":"https:\/\/www.betonsurface.ca\/en\/epoxy-flooring-in-laval\/","url":"https:\/\/www.betonsurface.ca\/en\/epoxy-flooring-in-laval\/","name":"Epoxy Flooring in Laval | Our services - B\u00e9ton Surface","isPartOf":{"@id":"https:\/\/www.betonsurface.ca\/#website"},"primaryImageOfPage":{"@id":"https:\/\/www.betonsurface.ca\/en\/epoxy-flooring-in-laval\/#primaryimage"},"image":{"@id":"https:\/\/www.betonsurface.ca\/en\/epoxy-flooring-in-laval\/#primaryimage"},"thumbnailUrl":"https:\/\/www.betonsurface.ca\/wp-content\/uploads\/2018\/09\/video.png","datePublished":"2020-09-15T16:35:13+00:00","dateModified":"2020-09-15T16:35:20+00:00","description":"Are you looking for a epoxy flooring professionnal in Laval? You found us! Beton Surface is your perfect solution. Get a quote today!","breadcrumb":{"@id":"https:\/\/www.betonsurface.ca\/en\/epoxy-flooring-in-laval\/#breadcrumb"},"inLanguage":"en-US","potentialAction":[{"@type":"ReadAction","target":["https:\/\/www.betonsurface.ca\/en\/epoxy-flooring-in-laval\/"]}]},{"@type":"ImageObject","inLanguage":"en-US","@id":"https:\/\/www.betonsurface.ca\/en\/epoxy-flooring-in-laval\/#primaryimage","url":"https:\/\/www.betonsurface.ca\/wp-content\/uploads\/2018\/09\/video.png","contentUrl":"https:\/\/www.betonsurface.ca\/wp-content\/uploads\/2018\/09\/video.png"},{"@type":"BreadcrumbList","@id":"https:\/\/www.betonsurface.ca\/en\/epoxy-flooring-in-laval\/#breadcrumb","itemListElement":[{"@type":"ListItem","position":1,"name":"Home","item":"https:\/\/www.betonsurface.ca\/en\/"},{"@type":"ListItem","position":2,"name":"Epoxy Flooring in Laval"}]},{"@type":"WebSite","@id":"https:\/\/www.betonsurface.ca\/#website","url":"https:\/\/www.betonsurface.ca\/","name":"B\u00e9ton Surface","description":"Plancher de garage","publisher":{"@id":"https:\/\/www.betonsurface.ca\/#organization"},"potentialAction":[{"@type":"SearchAction","target":{"@type":"EntryPoint","urlTemplate":"https:\/\/www.betonsurface.ca\/?s={search_term_string}"},"query-input":"required name=search_term_string"}],"inLanguage":"en-US"},{"@type":"Organization","@id":"https:\/\/www.betonsurface.ca\/#organization","name":"B\u00e9ton Surface","url":"https:\/\/www.betonsurface.ca\/","logo":{"@type":"ImageObject","inLanguage":"en-US","@id":"https:\/\/www.betonsurface.ca\/#\/schema\/logo\/image\/","url":"https:\/\/www.betonsurface.ca\/wp-content\/uploads\/2018\/10\/b-protek_b-icon.png","contentUrl":"https:\/\/www.betonsurface.ca\/wp-content\/uploads\/2018\/10\/b-protek_b-icon.png","width":400,"height":400,"caption":"B\u00e9ton Surface"},"image":{"@id":"https:\/\/www.betonsurface.ca\/#\/schema\/logo\/image\/"}}]}},"_links":{"self":[{"href":"https:\/\/www.betonsurface.ca\/en\/wp-json\/wp\/v2\/pages\/18288"}],"collection":[{"href":"https:\/\/www.betonsurface.ca\/en\/wp-json\/wp\/v2\/pages"}],"about":[{"href":"https:\/\/www.betonsurface.ca\/en\/wp-json\/wp\/v2\/types\/page"}],"author":[{"embeddable":true,"href":"https:\/\/www.betonsurface.ca\/en\/wp-json\/wp\/v2\/users\/1"}],"replies":[{"embeddable":true,"href":"https:\/\/www.betonsurface.ca\/en\/wp-json\/wp\/v2\/comments?post=18288"}],"version-history":[{"count":3,"href":"https:\/\/www.betonsurface.ca\/en\/wp-json\/wp\/v2\/pages\/18288\/revisions"}],"predecessor-version":[{"id":18291,"href":"https:\/\/www.betonsurface.ca\/en\/wp-json\/wp\/v2\/pages\/18288\/revisions\/18291"}],"wp:attachment":[{"href":"https:\/\/www.betonsurface.ca\/en\/wp-json\/wp\/v2\/media?parent=18288"}],"curies":[{"name":"wp","href":"https:\/\/api.w.org\/{rel}","templated":true}]}}